{"id":7207,"date":"2024-03-12T21:25:22","date_gmt":"2024-03-12T21:25:22","guid":{"rendered":"https:\/\/tlcmagazinemexico.com.mx\/?page_id=7207"},"modified":"2024-03-12T21:28:09","modified_gmt":"2024-03-12T21:28:09","slug":"edicion-48","status":"publish","type":"page","link":"https:\/\/tlcmagazinemexico.com.mx\/index.php\/edicion-48\/","title":{"rendered":"Edici\u00f3n 48"},"content":{"rendered":"\t\t<div data-elementor-type=\"wp-page\" data-elementor-id=\"7207\" class=\"elementor elementor-7207\">\n\t\t\t\t\t\t\t\t\t<section class=\"elementor-section elementor-top-section elementor-element elementor-element-df308fa elementor-section-boxed elementor-section-height-default elementor-section-height-default\" data-id=\"df308fa\" data-element_type=\"section\" data-settings=\"{&quot;background_background&quot;:&quot;classic&quot;}\">\n\t\t\t\t\t\t<div class=\"elementor-container elementor-column-gap-default\">\n\t\t\t\t\t<div class=\"elementor-column elementor-col-50 elementor-top-column elementor-element elementor-element-c0e7243\" data-id=\"c0e7243\" data-element_type=\"column\">\n\t\t\t<div class=\"elementor-widget-wrap elementor-element-populated\">\n\t\t\t\t\t\t\t\t<div class=\"elementor-element elementor-element-e0f32bf elementor-widget elementor-widget-spacer\" data-id=\"e0f32bf\" data-element_type=\"widget\" data-widget_type=\"spacer.default\">\n\t\t\t\t<div class=\"elementor-widget-container\">\n\t\t\t<style>\/*! elementor - v3.12.0 - 29-03-2023 *\/\n.elementor-column .elementor-spacer-inner{height:var(--spacer-size)}.e-con{--container-widget-width:100%}.e-con-inner>.elementor-widget-spacer,.e-con>.elementor-widget-spacer{width:var(--container-widget-width,var(--spacer-size));--align-self:var(--container-widget-align-self,initial);--flex-shrink:0}.e-con-inner>.elementor-widget-spacer>.elementor-widget-container,.e-con-inner>.elementor-widget-spacer>.elementor-widget-container>.elementor-spacer,.e-con>.elementor-widget-spacer>.elementor-widget-container,.e-con>.elementor-widget-spacer>.elementor-widget-container>.elementor-spacer{height:100%}.e-con-inner>.elementor-widget-spacer>.elementor-widget-container>.elementor-spacer>.elementor-spacer-inner,.e-con>.elementor-widget-spacer>.elementor-widget-container>.elementor-spacer>.elementor-spacer-inner{height:var(--container-widget-height,var(--spacer-size))}<\/style>\t\t<div class=\"elementor-spacer\">\n\t\t\t<div class=\"elementor-spacer-inner\"><\/div>\n\t\t<\/div>\n\t\t\t\t<\/div>\n\t\t\t\t<\/div>\n\t\t\t\t<div class=\"elementor-element elementor-element-68f6389 elementor-widget elementor-widget-heading\" data-id=\"68f6389\" data-element_type=\"widget\" data-widget_type=\"heading.default\">\n\t\t\t\t<div class=\"elementor-widget-container\">\n\t\t\t<style>\/*! elementor - v3.12.0 - 29-03-2023 *\/\n.elementor-heading-title{padding:0;margin:0;line-height:1}.elementor-widget-heading .elementor-heading-title[class*=elementor-size-]>a{color:inherit;font-size:inherit;line-height:inherit}.elementor-widget-heading .elementor-heading-title.elementor-size-small{font-size:15px}.elementor-widget-heading .elementor-heading-title.elementor-size-medium{font-size:19px}.elementor-widget-heading .elementor-heading-title.elementor-size-large{font-size:29px}.elementor-widget-heading .elementor-heading-title.elementor-size-xl{font-size:39px}.elementor-widget-heading .elementor-heading-title.elementor-size-xxl{font-size:59px}<\/style><h2 class=\"elementor-heading-title elementor-size-default\">Edici\u00f3n 48<\/h2>\t\t<\/div>\n\t\t\t\t<\/div>\n\t\t\t\t<div class=\"elementor-element elementor-element-34be257 elementor-widget elementor-widget-text-editor\" data-id=\"34be257\" data-element_type=\"widget\" data-widget_type=\"text-editor.default\">\n\t\t\t\t<div class=\"elementor-widget-container\">\n\t\t\t<style>\/*! elementor - v3.12.0 - 29-03-2023 *\/\n.elementor-widget-text-editor.elementor-drop-cap-view-stacked .elementor-drop-cap{background-color:#69727d;color:#fff}.elementor-widget-text-editor.elementor-drop-cap-view-framed .elementor-drop-cap{color:#69727d;border:3px solid;background-color:transparent}.elementor-widget-text-editor:not(.elementor-drop-cap-view-default) .elementor-drop-cap{margin-top:8px}.elementor-widget-text-editor:not(.elementor-drop-cap-view-default) .elementor-drop-cap-letter{width:1em;height:1em}.elementor-widget-text-editor .elementor-drop-cap{float:left;text-align:center;line-height:1;font-size:50px}.elementor-widget-text-editor .elementor-drop-cap-letter{display:inline-block}<\/style>\t\t\t\t<p>Descarga la edici\u00f3n gratuita por tiempo limitado<\/p>\t\t\t\t\t\t<\/div>\n\t\t\t\t<\/div>\n\t\t\t\t<div class=\"elementor-element elementor-element-6badd26 elementor-align-center elementor-widget elementor-widget-button\" data-id=\"6badd26\" data-element_type=\"widget\" data-widget_type=\"button.default\">\n\t\t\t\t<div class=\"elementor-widget-container\">\n\t\t\t\t\t<div class=\"elementor-button-wrapper\">\n\t\t\t<a href=\"https:\/\/bit.ly\/3vemkOX\" class=\"elementor-button-link elementor-button elementor-size-sm\" role=\"button\">\n\t\t\t\t\t\t<span class=\"elementor-button-content-wrapper\">\n\t\t\t\t\t\t<span class=\"elementor-button-text\">Descarga PDF<\/span>\n\t\t<\/span>\n\t\t\t\t\t<\/a>\n\t\t<\/div>\n\t\t\t\t<\/div>\n\t\t\t\t<\/div>\n\t\t\t\t<div class=\"elementor-element elementor-element-5c61100 elementor-align-center elementor-widget elementor-widget-button\" data-id=\"5c61100\" data-element_type=\"widget\" data-widget_type=\"button.default\">\n\t\t\t\t<div class=\"elementor-widget-container\">\n\t\t\t\t\t<div class=\"elementor-button-wrapper\">\n\t\t\t<a href=\"https:\/\/bit.ly\/4c8ckrb\" class=\"elementor-button-link elementor-button elementor-size-sm\" role=\"button\">\n\t\t\t\t\t\t<span class=\"elementor-button-content-wrapper\">\n\t\t\t\t\t\t<span class=\"elementor-button-text\">Descarga Ebook<\/span>\n\t\t<\/span>\n\t\t\t\t\t<\/a>\n\t\t<\/div>\n\t\t\t\t<\/div>\n\t\t\t\t<\/div>\n\t\t\t\t\t<\/div>\n\t\t<\/div>\n\t\t\t\t<div class=\"elementor-column elementor-col-50 elementor-top-column elementor-element elementor-element-665cf4a\" data-id=\"665cf4a\" data-element_type=\"column\">\n\t\t\t<div class=\"elementor-widget-wrap elementor-element-populated\">\n\t\t\t\t\t\t\t\t<div class=\"elementor-element elementor-element-288eaa2 elementor-widget elementor-widget-image\" data-id=\"288eaa2\" data-element_type=\"widget\" data-widget_type=\"image.default\">\n\t\t\t\t<div class=\"elementor-widget-container\">\n\t\t\t<style>\/*! elementor - v3.12.0 - 29-03-2023 *\/\n.elementor-widget-image{text-align:center}.elementor-widget-image a{display:inline-block}.elementor-widget-image a img[src$=\".svg\"]{width:48px}.elementor-widget-image img{vertical-align:middle;display:inline-block}<\/style>\t\t\t\t\t\t\t\t\t\t\t\t<img loading=\"lazy\" decoding=\"async\" width=\"750\" height=\"716\" src=\"https:\/\/tlcmagazinemexico.com.mx\/wp-content\/uploads\/2024\/03\/Edicio\u0301n-48_revista-sola-1024x977.png\" class=\"attachment-large size-large wp-image-7192\" alt=\"\" srcset=\"https:\/\/tlcmagazinemexico.com.mx\/wp-content\/uploads\/2024\/03\/Edicio\u0301n-48_revista-sola-1024x977.png 1024w, https:\/\/tlcmagazinemexico.com.mx\/wp-content\/uploads\/2024\/03\/Edicio\u0301n-48_revista-sola-300x286.png 300w, https:\/\/tlcmagazinemexico.com.mx\/wp-content\/uploads\/2024\/03\/Edicio\u0301n-48_revista-sola-768x733.png 768w, https:\/\/tlcmagazinemexico.com.mx\/wp-content\/uploads\/2024\/03\/Edicio\u0301n-48_revista-sola-1536x1466.png 1536w, https:\/\/tlcmagazinemexico.com.mx\/wp-content\/uploads\/2024\/03\/Edicio\u0301n-48_revista-sola-2048x1955.png 2048w, https:\/\/tlcmagazinemexico.com.mx\/wp-content\/uploads\/2024\/03\/Edicio\u0301n-48_revista-sola-1568x1497.png 1568w\" sizes=\"auto, (max-width: 750px) 100vw, 750px\" style=\"width:100%;height:95.45%;max-width:4769px\" \/>\t\t\t\t\t\t\t\t\t\t\t\t\t\t\t<\/div>\n\t\t\t\t<\/div>\n\t\t\t\t\t<\/div>\n\t\t<\/div>\n\t\t\t\t\t\t\t<\/div>\n\t\t<\/section>\n\t\t\t\t<section class=\"elementor-section elementor-top-section elementor-element elementor-element-923220a elementor-section-boxed elementor-section-height-default elementor-section-height-default\" data-id=\"923220a\" data-element_type=\"section\">\n\t\t\t\t\t\t<div class=\"elementor-container elementor-column-gap-default\">\n\t\t\t\t\t<div class=\"elementor-column elementor-col-100 elementor-top-column elementor-element elementor-element-6b993c2\" data-id=\"6b993c2\" data-element_type=\"column\">\n\t\t\t<div class=\"elementor-widget-wrap elementor-element-populated\">\n\t\t\t\t\t\t\t\t<div class=\"elementor-element elementor-element-9033ded elementor-posts--align-center elementor-grid-3 elementor-grid-tablet-2 elementor-grid-mobile-1 elementor-posts--thumbnail-top elementor-widget elementor-widget-posts\" data-id=\"9033ded\" data-element_type=\"widget\" data-settings=\"{&quot;classic_masonry&quot;:&quot;yes&quot;,&quot;classic_row_gap&quot;:{&quot;unit&quot;:&quot;px&quot;,&quot;size&quot;:37,&quot;sizes&quot;:[]},&quot;classic_columns&quot;:&quot;3&quot;,&quot;classic_columns_tablet&quot;:&quot;2&quot;,&quot;classic_columns_mobile&quot;:&quot;1&quot;,&quot;classic_row_gap_tablet&quot;:{&quot;unit&quot;:&quot;px&quot;,&quot;size&quot;:&quot;&quot;,&quot;sizes&quot;:[]},&quot;classic_row_gap_mobile&quot;:{&quot;unit&quot;:&quot;px&quot;,&quot;size&quot;:&quot;&quot;,&quot;sizes&quot;:[]}}\" data-widget_type=\"posts.classic\">\n\t\t\t\t<div class=\"elementor-widget-container\">\n\t\t\t<link rel=\"stylesheet\" href=\"https:\/\/tlcmagazinemexico.com.mx\/wp-content\/plugins\/elementor-pro\/assets\/css\/widget-posts.min.css\">\t\t<div class=\"elementor-posts-container elementor-posts elementor-posts--skin-classic elementor-grid\">\n\t\t\t\t<article class=\"elementor-post elementor-grid-item post-6790 post type-post status-publish format-standard has-post-thumbnail hentry category-edicion-48 entry\">\n\t\t\t\t<a class=\"elementor-post__thumbnail__link\" href=\"https:\/\/tlcmagazinemexico.com.mx\/index.php\/2024\/02\/12\/autos-electricos-un-futuro-mas-alla-del-presente\/\" >\n\t\t\t<div class=\"elementor-post__thumbnail\"><img loading=\"lazy\" decoding=\"async\" width=\"300\" height=\"200\" src=\"https:\/\/tlcmagazinemexico.com.mx\/wp-content\/uploads\/2024\/02\/Portadas-48-Web_Art.-5-300x200.png\" class=\"attachment-medium size-medium wp-image-7183\" alt=\"\" style=\"width:100%;height:66.67%;max-width:939px\" srcset=\"https:\/\/tlcmagazinemexico.com.mx\/wp-content\/uploads\/2024\/02\/Portadas-48-Web_Art.-5-300x200.png 300w, https:\/\/tlcmagazinemexico.com.mx\/wp-content\/uploads\/2024\/02\/Portadas-48-Web_Art.-5-768x512.png 768w, https:\/\/tlcmagazinemexico.com.mx\/wp-content\/uploads\/2024\/02\/Portadas-48-Web_Art.-5.png 939w\" sizes=\"auto, (max-width: 300px) 100vw, 300px\" \/><\/div>\n\t\t<\/a>\n\t\t\t\t<div class=\"elementor-post__text\">\n\t\t\t\t<h3 class=\"elementor-post__title\">\n\t\t\t<a href=\"https:\/\/tlcmagazinemexico.com.mx\/index.php\/2024\/02\/12\/autos-electricos-un-futuro-mas-alla-del-presente\/\" >\n\t\t\t\tAutos el\u00e9ctricos: Un futuro m\u00e1s all\u00e1 del presente\t\t\t<\/a>\n\t\t<\/h3>\n\t\t\n\t\t<a class=\"elementor-post__read-more\" href=\"https:\/\/tlcmagazinemexico.com.mx\/index.php\/2024\/02\/12\/autos-electricos-un-futuro-mas-alla-del-presente\/\" aria-label=\"Read more about Autos el\u00e9ctricos: Un futuro m\u00e1s all\u00e1 del presente\" >\n\t\t\tLeer m\u00e1s \u00bb\t\t<\/a>\n\n\t\t\t\t<\/div>\n\t\t\t\t<\/article>\n\t\t\t\t<article class=\"elementor-post elementor-grid-item post-6783 post type-post status-publish format-standard has-post-thumbnail hentry category-edicion-48 entry\">\n\t\t\t\t<a class=\"elementor-post__thumbnail__link\" href=\"https:\/\/tlcmagazinemexico.com.mx\/index.php\/2024\/02\/12\/inteligencia-artificial-en-las-aduanas-el-futuro-de-la-actividad-aduanera\/\" >\n\t\t\t<div class=\"elementor-post__thumbnail\"><img loading=\"lazy\" decoding=\"async\" width=\"300\" height=\"200\" src=\"https:\/\/tlcmagazinemexico.com.mx\/wp-content\/uploads\/2024\/02\/Portadas-48-Web_Art.-4-300x200.png\" class=\"attachment-medium size-medium wp-image-7181\" alt=\"\" style=\"width:100%;height:66.67%;max-width:939px\" srcset=\"https:\/\/tlcmagazinemexico.com.mx\/wp-content\/uploads\/2024\/02\/Portadas-48-Web_Art.-4-300x200.png 300w, https:\/\/tlcmagazinemexico.com.mx\/wp-content\/uploads\/2024\/02\/Portadas-48-Web_Art.-4-768x512.png 768w, https:\/\/tlcmagazinemexico.com.mx\/wp-content\/uploads\/2024\/02\/Portadas-48-Web_Art.-4.png 939w\" sizes=\"auto, (max-width: 300px) 100vw, 300px\" \/><\/div>\n\t\t<\/a>\n\t\t\t\t<div class=\"elementor-post__text\">\n\t\t\t\t<h3 class=\"elementor-post__title\">\n\t\t\t<a href=\"https:\/\/tlcmagazinemexico.com.mx\/index.php\/2024\/02\/12\/inteligencia-artificial-en-las-aduanas-el-futuro-de-la-actividad-aduanera\/\" >\n\t\t\t\tInteligencia artificial en las aduanas, \u00bfel futuro de la actividad aduanera?\t\t\t<\/a>\n\t\t<\/h3>\n\t\t\n\t\t<a class=\"elementor-post__read-more\" href=\"https:\/\/tlcmagazinemexico.com.mx\/index.php\/2024\/02\/12\/inteligencia-artificial-en-las-aduanas-el-futuro-de-la-actividad-aduanera\/\" aria-label=\"Read more about Inteligencia artificial en las aduanas, \u00bfel futuro de la actividad aduanera?\" >\n\t\t\tLeer m\u00e1s \u00bb\t\t<\/a>\n\n\t\t\t\t<\/div>\n\t\t\t\t<\/article>\n\t\t\t\t<article class=\"elementor-post elementor-grid-item post-6778 post type-post status-publish format-standard has-post-thumbnail hentry category-edicion-48 entry\">\n\t\t\t\t<a class=\"elementor-post__thumbnail__link\" href=\"https:\/\/tlcmagazinemexico.com.mx\/index.php\/2024\/02\/12\/ganando-cuotas-de-seguridad\/\" >\n\t\t\t<div class=\"elementor-post__thumbnail\"><img loading=\"lazy\" decoding=\"async\" width=\"300\" height=\"200\" src=\"https:\/\/tlcmagazinemexico.com.mx\/wp-content\/uploads\/2024\/02\/Portadas-48-Web_Art.-3-300x200.png\" class=\"attachment-medium size-medium wp-image-7179\" alt=\"\" style=\"width:100%;height:66.67%;max-width:939px\" srcset=\"https:\/\/tlcmagazinemexico.com.mx\/wp-content\/uploads\/2024\/02\/Portadas-48-Web_Art.-3-300x200.png 300w, https:\/\/tlcmagazinemexico.com.mx\/wp-content\/uploads\/2024\/02\/Portadas-48-Web_Art.-3-768x512.png 768w, https:\/\/tlcmagazinemexico.com.mx\/wp-content\/uploads\/2024\/02\/Portadas-48-Web_Art.-3.png 939w\" sizes=\"auto, (max-width: 300px) 100vw, 300px\" \/><\/div>\n\t\t<\/a>\n\t\t\t\t<div class=\"elementor-post__text\">\n\t\t\t\t<h3 class=\"elementor-post__title\">\n\t\t\t<a href=\"https:\/\/tlcmagazinemexico.com.mx\/index.php\/2024\/02\/12\/ganando-cuotas-de-seguridad\/\" >\n\t\t\t\tGanando cuotas de seguridad\t\t\t<\/a>\n\t\t<\/h3>\n\t\t\n\t\t<a class=\"elementor-post__read-more\" href=\"https:\/\/tlcmagazinemexico.com.mx\/index.php\/2024\/02\/12\/ganando-cuotas-de-seguridad\/\" aria-label=\"Read more about Ganando cuotas de seguridad\" >\n\t\t\tLeer m\u00e1s \u00bb\t\t<\/a>\n\n\t\t\t\t<\/div>\n\t\t\t\t<\/article>\n\t\t\t\t<article class=\"elementor-post elementor-grid-item post-6773 post type-post status-publish format-standard has-post-thumbnail hentry category-edicion-48 entry\">\n\t\t\t\t<a class=\"elementor-post__thumbnail__link\" href=\"https:\/\/tlcmagazinemexico.com.mx\/index.php\/2024\/02\/12\/la-logistica-y-su-relacion-con-el-trinomio-cuadrado-perfecto\/\" >\n\t\t\t<div class=\"elementor-post__thumbnail\"><img loading=\"lazy\" decoding=\"async\" width=\"300\" height=\"200\" src=\"https:\/\/tlcmagazinemexico.com.mx\/wp-content\/uploads\/2024\/02\/Portadas-48-Web_Art.-2-300x200.png\" class=\"attachment-medium size-medium wp-image-7186\" alt=\"\" style=\"width:100%;height:66.67%;max-width:939px\" srcset=\"https:\/\/tlcmagazinemexico.com.mx\/wp-content\/uploads\/2024\/02\/Portadas-48-Web_Art.-2-300x200.png 300w, https:\/\/tlcmagazinemexico.com.mx\/wp-content\/uploads\/2024\/02\/Portadas-48-Web_Art.-2-768x512.png 768w, https:\/\/tlcmagazinemexico.com.mx\/wp-content\/uploads\/2024\/02\/Portadas-48-Web_Art.-2.png 939w\" sizes=\"auto, (max-width: 300px) 100vw, 300px\" \/><\/div>\n\t\t<\/a>\n\t\t\t\t<div class=\"elementor-post__text\">\n\t\t\t\t<h3 class=\"elementor-post__title\">\n\t\t\t<a href=\"https:\/\/tlcmagazinemexico.com.mx\/index.php\/2024\/02\/12\/la-logistica-y-su-relacion-con-el-trinomio-cuadrado-perfecto\/\" >\n\t\t\t\tLa log\u00edstica y su relaci\u00f3n con el trinomio cuadrado perfecto\t\t\t<\/a>\n\t\t<\/h3>\n\t\t\n\t\t<a class=\"elementor-post__read-more\" href=\"https:\/\/tlcmagazinemexico.com.mx\/index.php\/2024\/02\/12\/la-logistica-y-su-relacion-con-el-trinomio-cuadrado-perfecto\/\" aria-label=\"Read more about La log\u00edstica y su relaci\u00f3n con el trinomio cuadrado perfecto\" >\n\t\t\tLeer m\u00e1s \u00bb\t\t<\/a>\n\n\t\t\t\t<\/div>\n\t\t\t\t<\/article>\n\t\t\t\t<article class=\"elementor-post elementor-grid-item post-6768 post type-post status-publish format-standard has-post-thumbnail hentry category-edicion-48 entry\">\n\t\t\t\t<a class=\"elementor-post__thumbnail__link\" href=\"https:\/\/tlcmagazinemexico.com.mx\/index.php\/2024\/02\/12\/beneficios-y-problematica-de-la-era-digital-inteligencia-artificial\/\" >\n\t\t\t<div class=\"elementor-post__thumbnail\"><img loading=\"lazy\" decoding=\"async\" width=\"300\" height=\"200\" src=\"https:\/\/tlcmagazinemexico.com.mx\/wp-content\/uploads\/2024\/02\/Portadas-48-Web_Art.-1-300x200.png\" class=\"attachment-medium size-medium wp-image-7185\" alt=\"\" style=\"width:100%;height:66.67%;max-width:939px\" srcset=\"https:\/\/tlcmagazinemexico.com.mx\/wp-content\/uploads\/2024\/02\/Portadas-48-Web_Art.-1-300x200.png 300w, https:\/\/tlcmagazinemexico.com.mx\/wp-content\/uploads\/2024\/02\/Portadas-48-Web_Art.-1-768x512.png 768w, https:\/\/tlcmagazinemexico.com.mx\/wp-content\/uploads\/2024\/02\/Portadas-48-Web_Art.-1.png 939w\" sizes=\"auto, (max-width: 300px) 100vw, 300px\" \/><\/div>\n\t\t<\/a>\n\t\t\t\t<div class=\"elementor-post__text\">\n\t\t\t\t<h3 class=\"elementor-post__title\">\n\t\t\t<a href=\"https:\/\/tlcmagazinemexico.com.mx\/index.php\/2024\/02\/12\/beneficios-y-problematica-de-la-era-digital-inteligencia-artificial\/\" >\n\t\t\t\tBeneficios y Problem\u00e1tica de la Era Digital (Inteligencia Artificial)\t\t\t<\/a>\n\t\t<\/h3>\n\t\t\n\t\t<a class=\"elementor-post__read-more\" href=\"https:\/\/tlcmagazinemexico.com.mx\/index.php\/2024\/02\/12\/beneficios-y-problematica-de-la-era-digital-inteligencia-artificial\/\" aria-label=\"Read more about Beneficios y Problem\u00e1tica de la Era Digital (Inteligencia Artificial)\" >\n\t\t\tLeer m\u00e1s \u00bb\t\t<\/a>\n\n\t\t\t\t<\/div>\n\t\t\t\t<\/article>\n\t\t\t\t<\/div>\n\t\t\n\t\t\t\t<\/div>\n\t\t\t\t<\/div>\n\t\t\t\t\t<\/div>\n\t\t<\/div>\n\t\t\t\t\t\t\t<\/div>\n\t\t<\/section>\n\t\t\t\t\t\t\t<\/div>\n\t\t","protected":false},"excerpt":{"rendered":"<p>Edici\u00f3n 48 Descarga la edici\u00f3n gratuita por tiempo limitado Descarga<\/p>\n","protected":false},"author":2,"featured_media":0,"parent":0,"menu_order":0,"comment_status":"closed","ping_status":"closed","template":"elementor_header_footer","meta":{"_monsterinsights_skip_tracking":false,"_monsterinsights_sitenote_active":false,"_monsterinsights_sitenote_note":"","_monsterinsights_sitenote_category":0,"footnotes":""},"class_list":["post-7207","page","type-page","status-publish","hentry","entry"],"_links":{"self":[{"href":"https:\/\/tlcmagazinemexico.com.mx\/index.php\/wp-json\/wp\/v2\/pages\/7207","targetHints":{"allow":["GET"]}}],"collection":[{"href":"https:\/\/tlcmagazinemexico.com.mx\/index.php\/wp-json\/wp\/v2\/pages"}],"about":[{"href":"https:\/\/tlcmagazinemexico.com.mx\/index.php\/wp-json\/wp\/v2\/types\/page"}],"author":[{"embeddable":true,"href":"https:\/\/tlcmagazinemexico.com.mx\/index.php\/wp-json\/wp\/v2\/users\/2"}],"replies":[{"embeddable":true,"href":"https:\/\/tlcmagazinemexico.com.mx\/index.php\/wp-json\/wp\/v2\/comments?post=7207"}],"version-history":[{"count":7,"href":"https:\/\/tlcmagazinemexico.com.mx\/index.php\/wp-json\/wp\/v2\/pages\/7207\/revisions"}],"predecessor-version":[{"id":7214,"href":"https:\/\/tlcmagazinemexico.com.mx\/index.php\/wp-json\/wp\/v2\/pages\/7207\/revisions\/7214"}],"wp:attachment":[{"href":"https:\/\/tlcmagazinemexico.com.mx\/index.php\/wp-json\/wp\/v2\/media?parent=7207"}],"curies":[{"name":"wp","href":"https:\/\/api.w.org\/{rel}","templated":true}]}}