{"id":6250,"date":"2024-01-09T23:36:15","date_gmt":"2024-01-09T23:36:15","guid":{"rendered":"https:\/\/tlcmagazinemexico.com.mx\/?page_id=6250"},"modified":"2024-01-09T23:39:47","modified_gmt":"2024-01-09T23:39:47","slug":"edicion-47","status":"publish","type":"page","link":"https:\/\/tlcmagazinemexico.com.mx\/index.php\/edicion-47\/","title":{"rendered":"Edici\u00f3n 47"},"content":{"rendered":"\t\t<div data-elementor-type=\"wp-page\" data-elementor-id=\"6250\" class=\"elementor elementor-6250\">\n\t\t\t\t\t\t\t\t\t<section class=\"elementor-section elementor-top-section elementor-element elementor-element-09dd297 elementor-section-boxed elementor-section-height-default elementor-section-height-default\" data-id=\"09dd297\" data-element_type=\"section\" data-settings=\"{&quot;background_background&quot;:&quot;classic&quot;}\">\n\t\t\t\t\t\t<div class=\"elementor-container elementor-column-gap-default\">\n\t\t\t\t\t<div class=\"elementor-column elementor-col-50 elementor-top-column elementor-element elementor-element-6d900cd\" data-id=\"6d900cd\" data-element_type=\"column\">\n\t\t\t<div class=\"elementor-widget-wrap elementor-element-populated\">\n\t\t\t\t\t\t\t\t<div class=\"elementor-element elementor-element-7ba6a23 elementor-widget elementor-widget-spacer\" data-id=\"7ba6a23\" data-element_type=\"widget\" data-widget_type=\"spacer.default\">\n\t\t\t\t<div class=\"elementor-widget-container\">\n\t\t\t<style>\/*! elementor - v3.12.0 - 29-03-2023 *\/\n.elementor-column .elementor-spacer-inner{height:var(--spacer-size)}.e-con{--container-widget-width:100%}.e-con-inner>.elementor-widget-spacer,.e-con>.elementor-widget-spacer{width:var(--container-widget-width,var(--spacer-size));--align-self:var(--container-widget-align-self,initial);--flex-shrink:0}.e-con-inner>.elementor-widget-spacer>.elementor-widget-container,.e-con-inner>.elementor-widget-spacer>.elementor-widget-container>.elementor-spacer,.e-con>.elementor-widget-spacer>.elementor-widget-container,.e-con>.elementor-widget-spacer>.elementor-widget-container>.elementor-spacer{height:100%}.e-con-inner>.elementor-widget-spacer>.elementor-widget-container>.elementor-spacer>.elementor-spacer-inner,.e-con>.elementor-widget-spacer>.elementor-widget-container>.elementor-spacer>.elementor-spacer-inner{height:var(--container-widget-height,var(--spacer-size))}<\/style>\t\t<div class=\"elementor-spacer\">\n\t\t\t<div class=\"elementor-spacer-inner\"><\/div>\n\t\t<\/div>\n\t\t\t\t<\/div>\n\t\t\t\t<\/div>\n\t\t\t\t<div class=\"elementor-element elementor-element-3070604 elementor-widget elementor-widget-heading\" data-id=\"3070604\" data-element_type=\"widget\" data-widget_type=\"heading.default\">\n\t\t\t\t<div class=\"elementor-widget-container\">\n\t\t\t<style>\/*! elementor - v3.12.0 - 29-03-2023 *\/\n.elementor-heading-title{padding:0;margin:0;line-height:1}.elementor-widget-heading .elementor-heading-title[class*=elementor-size-]>a{color:inherit;font-size:inherit;line-height:inherit}.elementor-widget-heading .elementor-heading-title.elementor-size-small{font-size:15px}.elementor-widget-heading .elementor-heading-title.elementor-size-medium{font-size:19px}.elementor-widget-heading .elementor-heading-title.elementor-size-large{font-size:29px}.elementor-widget-heading .elementor-heading-title.elementor-size-xl{font-size:39px}.elementor-widget-heading .elementor-heading-title.elementor-size-xxl{font-size:59px}<\/style><h2 class=\"elementor-heading-title elementor-size-default\">Edici\u00f3n 47<\/h2>\t\t<\/div>\n\t\t\t\t<\/div>\n\t\t\t\t<div class=\"elementor-element elementor-element-04433e9 elementor-widget elementor-widget-text-editor\" data-id=\"04433e9\" data-element_type=\"widget\" data-widget_type=\"text-editor.default\">\n\t\t\t\t<div class=\"elementor-widget-container\">\n\t\t\t<style>\/*! elementor - v3.12.0 - 29-03-2023 *\/\n.elementor-widget-text-editor.elementor-drop-cap-view-stacked .elementor-drop-cap{background-color:#69727d;color:#fff}.elementor-widget-text-editor.elementor-drop-cap-view-framed .elementor-drop-cap{color:#69727d;border:3px solid;background-color:transparent}.elementor-widget-text-editor:not(.elementor-drop-cap-view-default) .elementor-drop-cap{margin-top:8px}.elementor-widget-text-editor:not(.elementor-drop-cap-view-default) .elementor-drop-cap-letter{width:1em;height:1em}.elementor-widget-text-editor .elementor-drop-cap{float:left;text-align:center;line-height:1;font-size:50px}.elementor-widget-text-editor .elementor-drop-cap-letter{display:inline-block}<\/style>\t\t\t\t<p>Descarga la edici\u00f3n gratuita por tiempo limitado<\/p>\t\t\t\t\t\t<\/div>\n\t\t\t\t<\/div>\n\t\t\t\t<div class=\"elementor-element elementor-element-885ccd7 elementor-align-center elementor-widget elementor-widget-button\" data-id=\"885ccd7\" data-element_type=\"widget\" data-widget_type=\"button.default\">\n\t\t\t\t<div class=\"elementor-widget-container\">\n\t\t\t\t\t<div class=\"elementor-button-wrapper\">\n\t\t\t<a href=\"https:\/\/bit.ly\/4aRJM4A\" class=\"elementor-button-link elementor-button elementor-size-sm\" role=\"button\">\n\t\t\t\t\t\t<span class=\"elementor-button-content-wrapper\">\n\t\t\t\t\t\t<span class=\"elementor-button-text\">Descarga PDF<\/span>\n\t\t<\/span>\n\t\t\t\t\t<\/a>\n\t\t<\/div>\n\t\t\t\t<\/div>\n\t\t\t\t<\/div>\n\t\t\t\t<div class=\"elementor-element elementor-element-a5ca8e5 elementor-align-center elementor-widget elementor-widget-button\" data-id=\"a5ca8e5\" data-element_type=\"widget\" data-widget_type=\"button.default\">\n\t\t\t\t<div class=\"elementor-widget-container\">\n\t\t\t\t\t<div class=\"elementor-button-wrapper\">\n\t\t\t<a href=\"https:\/\/bit.ly\/48hubtv\" class=\"elementor-button-link elementor-button elementor-size-sm\" role=\"button\">\n\t\t\t\t\t\t<span class=\"elementor-button-content-wrapper\">\n\t\t\t\t\t\t<span class=\"elementor-button-text\">Descarga Ebook<\/span>\n\t\t<\/span>\n\t\t\t\t\t<\/a>\n\t\t<\/div>\n\t\t\t\t<\/div>\n\t\t\t\t<\/div>\n\t\t\t\t\t<\/div>\n\t\t<\/div>\n\t\t\t\t<div class=\"elementor-column elementor-col-50 elementor-top-column elementor-element elementor-element-1cb2446\" data-id=\"1cb2446\" data-element_type=\"column\">\n\t\t\t<div class=\"elementor-widget-wrap elementor-element-populated\">\n\t\t\t\t\t\t\t\t<div class=\"elementor-element elementor-element-f3d5d69 elementor-widget elementor-widget-image\" data-id=\"f3d5d69\" data-element_type=\"widget\" data-widget_type=\"image.default\">\n\t\t\t\t<div class=\"elementor-widget-container\">\n\t\t\t<style>\/*! elementor - v3.12.0 - 29-03-2023 *\/\n.elementor-widget-image{text-align:center}.elementor-widget-image a{display:inline-block}.elementor-widget-image a img[src$=\".svg\"]{width:48px}.elementor-widget-image img{vertical-align:middle;display:inline-block}<\/style>\t\t\t\t\t\t\t\t\t\t\t\t<img loading=\"lazy\" decoding=\"async\" width=\"750\" height=\"716\" src=\"https:\/\/tlcmagazinemexico.com.mx\/wp-content\/uploads\/2024\/01\/Edicio\u0301n-47_revista-sola-1024x977.png\" class=\"attachment-large size-large wp-image-6254\" alt=\"\" srcset=\"https:\/\/tlcmagazinemexico.com.mx\/wp-content\/uploads\/2024\/01\/Edicio\u0301n-47_revista-sola-1024x977.png 1024w, https:\/\/tlcmagazinemexico.com.mx\/wp-content\/uploads\/2024\/01\/Edicio\u0301n-47_revista-sola-300x286.png 300w, https:\/\/tlcmagazinemexico.com.mx\/wp-content\/uploads\/2024\/01\/Edicio\u0301n-47_revista-sola-768x733.png 768w, https:\/\/tlcmagazinemexico.com.mx\/wp-content\/uploads\/2024\/01\/Edicio\u0301n-47_revista-sola-1536x1466.png 1536w, https:\/\/tlcmagazinemexico.com.mx\/wp-content\/uploads\/2024\/01\/Edicio\u0301n-47_revista-sola-2048x1955.png 2048w, https:\/\/tlcmagazinemexico.com.mx\/wp-content\/uploads\/2024\/01\/Edicio\u0301n-47_revista-sola-1568x1497.png 1568w\" sizes=\"auto, (max-width: 750px) 100vw, 750px\" style=\"width:100%;height:95.45%;max-width:4769px\" \/>\t\t\t\t\t\t\t\t\t\t\t\t\t\t\t<\/div>\n\t\t\t\t<\/div>\n\t\t\t\t\t<\/div>\n\t\t<\/div>\n\t\t\t\t\t\t\t<\/div>\n\t\t<\/section>\n\t\t\t\t<section class=\"elementor-section elementor-top-section elementor-element elementor-element-b0c0274 elementor-section-boxed elementor-section-height-default elementor-section-height-default\" data-id=\"b0c0274\" data-element_type=\"section\">\n\t\t\t\t\t\t<div class=\"elementor-container elementor-column-gap-default\">\n\t\t\t\t\t<div class=\"elementor-column elementor-col-100 elementor-top-column elementor-element elementor-element-016f9aa\" data-id=\"016f9aa\" data-element_type=\"column\">\n\t\t\t<div class=\"elementor-widget-wrap elementor-element-populated\">\n\t\t\t\t\t\t\t\t<div class=\"elementor-element elementor-element-0fe6377 elementor-posts--align-center elementor-grid-3 elementor-grid-tablet-2 elementor-grid-mobile-1 elementor-posts--thumbnail-top elementor-widget elementor-widget-posts\" data-id=\"0fe6377\" data-element_type=\"widget\" data-settings=\"{&quot;classic_masonry&quot;:&quot;yes&quot;,&quot;classic_row_gap&quot;:{&quot;unit&quot;:&quot;px&quot;,&quot;size&quot;:37,&quot;sizes&quot;:[]},&quot;classic_columns&quot;:&quot;3&quot;,&quot;classic_columns_tablet&quot;:&quot;2&quot;,&quot;classic_columns_mobile&quot;:&quot;1&quot;,&quot;classic_row_gap_tablet&quot;:{&quot;unit&quot;:&quot;px&quot;,&quot;size&quot;:&quot;&quot;,&quot;sizes&quot;:[]},&quot;classic_row_gap_mobile&quot;:{&quot;unit&quot;:&quot;px&quot;,&quot;size&quot;:&quot;&quot;,&quot;sizes&quot;:[]}}\" data-widget_type=\"posts.classic\">\n\t\t\t\t<div class=\"elementor-widget-container\">\n\t\t\t<link rel=\"stylesheet\" href=\"https:\/\/tlcmagazinemexico.com.mx\/wp-content\/plugins\/elementor-pro\/assets\/css\/widget-posts.min.css\">\t\t<div class=\"elementor-posts-container elementor-posts elementor-posts--skin-classic elementor-grid\">\n\t\t\t\t<article class=\"elementor-post elementor-grid-item post-5942 post type-post status-publish format-standard has-post-thumbnail hentry category-edicion-47 entry\">\n\t\t\t\t<a class=\"elementor-post__thumbnail__link\" href=\"https:\/\/tlcmagazinemexico.com.mx\/index.php\/2023\/12\/15\/aplicacion-practica-de-los-identificadores-relacionados-con-preferencias-arancelarias-de-los-tlcs\/\" >\n\t\t\t<div class=\"elementor-post__thumbnail\"><img loading=\"lazy\" decoding=\"async\" width=\"300\" height=\"200\" src=\"https:\/\/tlcmagazinemexico.com.mx\/wp-content\/uploads\/2023\/12\/Portadas-47-Web_Art.-4-300x200.png\" class=\"attachment-medium size-medium wp-image-6287\" alt=\"\" style=\"width:100%;height:66.67%;max-width:939px\" srcset=\"https:\/\/tlcmagazinemexico.com.mx\/wp-content\/uploads\/2023\/12\/Portadas-47-Web_Art.-4-300x200.png 300w, https:\/\/tlcmagazinemexico.com.mx\/wp-content\/uploads\/2023\/12\/Portadas-47-Web_Art.-4-768x512.png 768w, https:\/\/tlcmagazinemexico.com.mx\/wp-content\/uploads\/2023\/12\/Portadas-47-Web_Art.-4.png 939w\" sizes=\"auto, (max-width: 300px) 100vw, 300px\" \/><\/div>\n\t\t<\/a>\n\t\t\t\t<div class=\"elementor-post__text\">\n\t\t\t\t<h3 class=\"elementor-post__title\">\n\t\t\t<a href=\"https:\/\/tlcmagazinemexico.com.mx\/index.php\/2023\/12\/15\/aplicacion-practica-de-los-identificadores-relacionados-con-preferencias-arancelarias-de-los-tlcs\/\" >\n\t\t\t\tAplicaci\u00f3n pr\u00e1ctica de los Identificadores relacionados con preferencias arancelarias de los TLC\u2019s\t\t\t<\/a>\n\t\t<\/h3>\n\t\t\n\t\t<a class=\"elementor-post__read-more\" href=\"https:\/\/tlcmagazinemexico.com.mx\/index.php\/2023\/12\/15\/aplicacion-practica-de-los-identificadores-relacionados-con-preferencias-arancelarias-de-los-tlcs\/\" aria-label=\"Read more about Aplicaci\u00f3n pr\u00e1ctica de los Identificadores relacionados con preferencias arancelarias de los TLC\u2019s\" >\n\t\t\tLeer m\u00e1s \u00bb\t\t<\/a>\n\n\t\t\t\t<\/div>\n\t\t\t\t<\/article>\n\t\t\t\t<article class=\"elementor-post elementor-grid-item post-5937 post type-post status-publish format-standard has-post-thumbnail hentry category-edicion-47 entry\">\n\t\t\t\t<a class=\"elementor-post__thumbnail__link\" href=\"https:\/\/tlcmagazinemexico.com.mx\/index.php\/2023\/12\/15\/mina-san-martin-grupo-mexico\/\" >\n\t\t\t<div class=\"elementor-post__thumbnail\"><img loading=\"lazy\" decoding=\"async\" width=\"300\" height=\"200\" src=\"https:\/\/tlcmagazinemexico.com.mx\/wp-content\/uploads\/2023\/12\/Portadas-47-Web_Art.-3-300x200.png\" class=\"attachment-medium size-medium wp-image-6286\" alt=\"\" style=\"width:100%;height:66.67%;max-width:939px\" srcset=\"https:\/\/tlcmagazinemexico.com.mx\/wp-content\/uploads\/2023\/12\/Portadas-47-Web_Art.-3-300x200.png 300w, https:\/\/tlcmagazinemexico.com.mx\/wp-content\/uploads\/2023\/12\/Portadas-47-Web_Art.-3-768x512.png 768w, https:\/\/tlcmagazinemexico.com.mx\/wp-content\/uploads\/2023\/12\/Portadas-47-Web_Art.-3.png 939w\" sizes=\"auto, (max-width: 300px) 100vw, 300px\" \/><\/div>\n\t\t<\/a>\n\t\t\t\t<div class=\"elementor-post__text\">\n\t\t\t\t<h3 class=\"elementor-post__title\">\n\t\t\t<a href=\"https:\/\/tlcmagazinemexico.com.mx\/index.php\/2023\/12\/15\/mina-san-martin-grupo-mexico\/\" >\n\t\t\t\tMina San Mart\u00edn, Grupo M\u00e9xico\t\t\t<\/a>\n\t\t<\/h3>\n\t\t\n\t\t<a class=\"elementor-post__read-more\" href=\"https:\/\/tlcmagazinemexico.com.mx\/index.php\/2023\/12\/15\/mina-san-martin-grupo-mexico\/\" aria-label=\"Read more about Mina San Mart\u00edn, Grupo M\u00e9xico\" >\n\t\t\tLeer m\u00e1s \u00bb\t\t<\/a>\n\n\t\t\t\t<\/div>\n\t\t\t\t<\/article>\n\t\t\t\t<article class=\"elementor-post elementor-grid-item post-5932 post type-post status-publish format-standard has-post-thumbnail hentry category-edicion-47 entry\">\n\t\t\t\t<a class=\"elementor-post__thumbnail__link\" href=\"https:\/\/tlcmagazinemexico.com.mx\/index.php\/2023\/12\/15\/un-plan-de-accion-logistico\/\" >\n\t\t\t<div class=\"elementor-post__thumbnail\"><img loading=\"lazy\" decoding=\"async\" width=\"300\" height=\"200\" src=\"https:\/\/tlcmagazinemexico.com.mx\/wp-content\/uploads\/2023\/12\/Portadas-47-Web_Art.-2-300x200.png\" class=\"attachment-medium size-medium wp-image-6284\" alt=\"\" style=\"width:100%;height:66.67%;max-width:939px\" srcset=\"https:\/\/tlcmagazinemexico.com.mx\/wp-content\/uploads\/2023\/12\/Portadas-47-Web_Art.-2-300x200.png 300w, https:\/\/tlcmagazinemexico.com.mx\/wp-content\/uploads\/2023\/12\/Portadas-47-Web_Art.-2-768x512.png 768w, https:\/\/tlcmagazinemexico.com.mx\/wp-content\/uploads\/2023\/12\/Portadas-47-Web_Art.-2.png 939w\" sizes=\"auto, (max-width: 300px) 100vw, 300px\" \/><\/div>\n\t\t<\/a>\n\t\t\t\t<div class=\"elementor-post__text\">\n\t\t\t\t<h3 class=\"elementor-post__title\">\n\t\t\t<a href=\"https:\/\/tlcmagazinemexico.com.mx\/index.php\/2023\/12\/15\/un-plan-de-accion-logistico\/\" >\n\t\t\t\tUn Plan de Acci\u00f3n Log\u00edstico\t\t\t<\/a>\n\t\t<\/h3>\n\t\t\n\t\t<a class=\"elementor-post__read-more\" href=\"https:\/\/tlcmagazinemexico.com.mx\/index.php\/2023\/12\/15\/un-plan-de-accion-logistico\/\" aria-label=\"Read more about Un Plan de Acci\u00f3n Log\u00edstico\" >\n\t\t\tLeer m\u00e1s \u00bb\t\t<\/a>\n\n\t\t\t\t<\/div>\n\t\t\t\t<\/article>\n\t\t\t\t<article class=\"elementor-post elementor-grid-item post-5927 post type-post status-publish format-standard has-post-thumbnail hentry category-edicion-47 entry\">\n\t\t\t\t<a class=\"elementor-post__thumbnail__link\" href=\"https:\/\/tlcmagazinemexico.com.mx\/index.php\/2023\/12\/15\/derechos-humanos-y-su-injerencia-en-la-cadena-de-valor-empresarial\/\" >\n\t\t\t<div class=\"elementor-post__thumbnail\"><img loading=\"lazy\" decoding=\"async\" width=\"300\" height=\"200\" src=\"https:\/\/tlcmagazinemexico.com.mx\/wp-content\/uploads\/2023\/12\/Portadas-47-Web_Art.-6--300x200.png\" class=\"attachment-medium size-medium wp-image-6291\" alt=\"\" style=\"width:100%;height:66.67%;max-width:939px\" srcset=\"https:\/\/tlcmagazinemexico.com.mx\/wp-content\/uploads\/2023\/12\/Portadas-47-Web_Art.-6--300x200.png 300w, https:\/\/tlcmagazinemexico.com.mx\/wp-content\/uploads\/2023\/12\/Portadas-47-Web_Art.-6--768x512.png 768w, https:\/\/tlcmagazinemexico.com.mx\/wp-content\/uploads\/2023\/12\/Portadas-47-Web_Art.-6-.png 939w\" sizes=\"auto, (max-width: 300px) 100vw, 300px\" \/><\/div>\n\t\t<\/a>\n\t\t\t\t<div class=\"elementor-post__text\">\n\t\t\t\t<h3 class=\"elementor-post__title\">\n\t\t\t<a href=\"https:\/\/tlcmagazinemexico.com.mx\/index.php\/2023\/12\/15\/derechos-humanos-y-su-injerencia-en-la-cadena-de-valor-empresarial\/\" >\n\t\t\t\tDerechos humanos y su injerencia en la cadena de valor empresarial\t\t\t<\/a>\n\t\t<\/h3>\n\t\t\n\t\t<a class=\"elementor-post__read-more\" href=\"https:\/\/tlcmagazinemexico.com.mx\/index.php\/2023\/12\/15\/derechos-humanos-y-su-injerencia-en-la-cadena-de-valor-empresarial\/\" aria-label=\"Read more about Derechos humanos y su injerencia en la cadena de valor empresarial\" >\n\t\t\tLeer m\u00e1s \u00bb\t\t<\/a>\n\n\t\t\t\t<\/div>\n\t\t\t\t<\/article>\n\t\t\t\t<article class=\"elementor-post elementor-grid-item post-5899 post type-post status-publish format-standard has-post-thumbnail hentry category-edicion-47 entry\">\n\t\t\t\t<a class=\"elementor-post__thumbnail__link\" href=\"https:\/\/tlcmagazinemexico.com.mx\/index.php\/2023\/12\/14\/analisis-del-mecanismo-de-ajuste-en-frontera-por-carbono-de-la-union-europea-cbam-tratandose-de-importaciones-de-productos-contaminantes\/\" >\n\t\t\t<div class=\"elementor-post__thumbnail\"><img loading=\"lazy\" decoding=\"async\" width=\"300\" height=\"200\" src=\"https:\/\/tlcmagazinemexico.com.mx\/wp-content\/uploads\/2023\/12\/Portadas-47-Web_Art.-1-300x200.png\" class=\"attachment-medium size-medium wp-image-6282\" alt=\"\" style=\"width:100%;height:66.67%;max-width:939px\" srcset=\"https:\/\/tlcmagazinemexico.com.mx\/wp-content\/uploads\/2023\/12\/Portadas-47-Web_Art.-1-300x200.png 300w, https:\/\/tlcmagazinemexico.com.mx\/wp-content\/uploads\/2023\/12\/Portadas-47-Web_Art.-1-768x512.png 768w, https:\/\/tlcmagazinemexico.com.mx\/wp-content\/uploads\/2023\/12\/Portadas-47-Web_Art.-1.png 939w\" sizes=\"auto, (max-width: 300px) 100vw, 300px\" \/><\/div>\n\t\t<\/a>\n\t\t\t\t<div class=\"elementor-post__text\">\n\t\t\t\t<h3 class=\"elementor-post__title\">\n\t\t\t<a href=\"https:\/\/tlcmagazinemexico.com.mx\/index.php\/2023\/12\/14\/analisis-del-mecanismo-de-ajuste-en-frontera-por-carbono-de-la-union-europea-cbam-tratandose-de-importaciones-de-productos-contaminantes\/\" >\n\t\t\t\tAn\u00e1lisis del Mecanismo de Ajuste en Frontera por Carbono de la Uni\u00f3n Europea (CBAM), trat\u00e1ndose de importaciones de productos contaminantes\t\t\t<\/a>\n\t\t<\/h3>\n\t\t\n\t\t<a class=\"elementor-post__read-more\" href=\"https:\/\/tlcmagazinemexico.com.mx\/index.php\/2023\/12\/14\/analisis-del-mecanismo-de-ajuste-en-frontera-por-carbono-de-la-union-europea-cbam-tratandose-de-importaciones-de-productos-contaminantes\/\" aria-label=\"Read more about An\u00e1lisis del Mecanismo de Ajuste en Frontera por Carbono de la Uni\u00f3n Europea (CBAM), trat\u00e1ndose de importaciones de productos contaminantes\" >\n\t\t\tLeer m\u00e1s \u00bb\t\t<\/a>\n\n\t\t\t\t<\/div>\n\t\t\t\t<\/article>\n\t\t\t\t<article class=\"elementor-post elementor-grid-item post-5300 post type-post status-publish format-standard has-post-thumbnail hentry category-edicion-47 entry\">\n\t\t\t\t<a class=\"elementor-post__thumbnail__link\" href=\"https:\/\/tlcmagazinemexico.com.mx\/index.php\/2023\/11\/03\/5-indicadores-digitales-que-cualquier-empresa-debe-conocer\/\" >\n\t\t\t<div class=\"elementor-post__thumbnail\"><img loading=\"lazy\" decoding=\"async\" width=\"300\" height=\"200\" src=\"https:\/\/tlcmagazinemexico.com.mx\/wp-content\/uploads\/2023\/12\/Portadas-47-Web_Art.-5-300x200.png\" class=\"attachment-medium size-medium wp-image-6290\" alt=\"\" style=\"width:100%;height:66.67%;max-width:939px\" srcset=\"https:\/\/tlcmagazinemexico.com.mx\/wp-content\/uploads\/2023\/12\/Portadas-47-Web_Art.-5-300x200.png 300w, https:\/\/tlcmagazinemexico.com.mx\/wp-content\/uploads\/2023\/12\/Portadas-47-Web_Art.-5-768x512.png 768w, https:\/\/tlcmagazinemexico.com.mx\/wp-content\/uploads\/2023\/12\/Portadas-47-Web_Art.-5.png 939w\" sizes=\"auto, (max-width: 300px) 100vw, 300px\" \/><\/div>\n\t\t<\/a>\n\t\t\t\t<div class=\"elementor-post__text\">\n\t\t\t\t<h3 class=\"elementor-post__title\">\n\t\t\t<a href=\"https:\/\/tlcmagazinemexico.com.mx\/index.php\/2023\/11\/03\/5-indicadores-digitales-que-cualquier-empresa-debe-conocer\/\" >\n\t\t\t\t5 Indicadores Digitales que Cualquier Empresa Debe Conocer\t\t\t<\/a>\n\t\t<\/h3>\n\t\t\n\t\t<a class=\"elementor-post__read-more\" href=\"https:\/\/tlcmagazinemexico.com.mx\/index.php\/2023\/11\/03\/5-indicadores-digitales-que-cualquier-empresa-debe-conocer\/\" aria-label=\"Read more about 5 Indicadores Digitales que Cualquier Empresa Debe Conocer\" >\n\t\t\tLeer m\u00e1s \u00bb\t\t<\/a>\n\n\t\t\t\t<\/div>\n\t\t\t\t<\/article>\n\t\t\t\t<\/div>\n\t\t\n\t\t\t\t<\/div>\n\t\t\t\t<\/div>\n\t\t\t\t\t<\/div>\n\t\t<\/div>\n\t\t\t\t\t\t\t<\/div>\n\t\t<\/section>\n\t\t\t\t\t\t\t<\/div>\n\t\t","protected":false},"excerpt":{"rendered":"<p>Edici\u00f3n 47 Descarga la edici\u00f3n gratuita por tiempo limitado Descarga<\/p>\n","protected":false},"author":2,"featured_media":0,"parent":0,"menu_order":0,"comment_status":"closed","ping_status":"closed","template":"elementor_header_footer","meta":{"_monsterinsights_skip_tracking":false,"_monsterinsights_sitenote_active":false,"_monsterinsights_sitenote_note":"","_monsterinsights_sitenote_category":0,"footnotes":""},"class_list":["post-6250","page","type-page","status-publish","hentry","entry"],"_links":{"self":[{"href":"https:\/\/tlcmagazinemexico.com.mx\/index.php\/wp-json\/wp\/v2\/pages\/6250","targetHints":{"allow":["GET"]}}],"collection":[{"href":"https:\/\/tlcmagazinemexico.com.mx\/index.php\/wp-json\/wp\/v2\/pages"}],"about":[{"href":"https:\/\/tlcmagazinemexico.com.mx\/index.php\/wp-json\/wp\/v2\/types\/page"}],"author":[{"embeddable":true,"href":"https:\/\/tlcmagazinemexico.com.mx\/index.php\/wp-json\/wp\/v2\/users\/2"}],"replies":[{"embeddable":true,"href":"https:\/\/tlcmagazinemexico.com.mx\/index.php\/wp-json\/wp\/v2\/comments?post=6250"}],"version-history":[{"count":4,"href":"https:\/\/tlcmagazinemexico.com.mx\/index.php\/wp-json\/wp\/v2\/pages\/6250\/revisions"}],"predecessor-version":[{"id":6257,"href":"https:\/\/tlcmagazinemexico.com.mx\/index.php\/wp-json\/wp\/v2\/pages\/6250\/revisions\/6257"}],"wp:attachment":[{"href":"https:\/\/tlcmagazinemexico.com.mx\/index.php\/wp-json\/wp\/v2\/media?parent=6250"}],"curies":[{"name":"wp","href":"https:\/\/api.w.org\/{rel}","templated":true}]}}