{"id":5395,"date":"2023-11-08T01:14:28","date_gmt":"2023-11-08T01:14:28","guid":{"rendered":"https:\/\/tlcmagazinemexico.com.mx\/?page_id=5395"},"modified":"2023-11-08T01:14:58","modified_gmt":"2023-11-08T01:14:58","slug":"publirreportajes-web","status":"publish","type":"page","link":"https:\/\/tlcmagazinemexico.com.mx\/index.php\/publirreportajes-web\/","title":{"rendered":"PUBLIRREPORTAJES WEB"},"content":{"rendered":"\t\t<div data-elementor-type=\"wp-page\" data-elementor-id=\"5395\" class=\"elementor elementor-5395\">\n\t\t\t\t\t\t\t\t\t<section class=\"elementor-section elementor-top-section elementor-element elementor-element-eec2e37 elementor-section-boxed elementor-section-height-default elementor-section-height-default\" data-id=\"eec2e37\" data-element_type=\"section\" data-settings=\"{&quot;background_background&quot;:&quot;gradient&quot;}\">\n\t\t\t\t\t\t<div class=\"elementor-container elementor-column-gap-default\">\n\t\t\t\t\t<div class=\"elementor-column elementor-col-100 elementor-top-column elementor-element elementor-element-c0e3329\" data-id=\"c0e3329\" data-element_type=\"column\">\n\t\t\t<div class=\"elementor-widget-wrap elementor-element-populated\">\n\t\t\t\t\t\t\t\t<div class=\"elementor-element elementor-element-6dc72ad elementor-widget elementor-widget-spacer\" data-id=\"6dc72ad\" data-element_type=\"widget\" data-widget_type=\"spacer.default\">\n\t\t\t\t<div class=\"elementor-widget-container\">\n\t\t\t<style>\/*! elementor - v3.12.0 - 29-03-2023 *\/\n.elementor-column .elementor-spacer-inner{height:var(--spacer-size)}.e-con{--container-widget-width:100%}.e-con-inner>.elementor-widget-spacer,.e-con>.elementor-widget-spacer{width:var(--container-widget-width,var(--spacer-size));--align-self:var(--container-widget-align-self,initial);--flex-shrink:0}.e-con-inner>.elementor-widget-spacer>.elementor-widget-container,.e-con-inner>.elementor-widget-spacer>.elementor-widget-container>.elementor-spacer,.e-con>.elementor-widget-spacer>.elementor-widget-container,.e-con>.elementor-widget-spacer>.elementor-widget-container>.elementor-spacer{height:100%}.e-con-inner>.elementor-widget-spacer>.elementor-widget-container>.elementor-spacer>.elementor-spacer-inner,.e-con>.elementor-widget-spacer>.elementor-widget-container>.elementor-spacer>.elementor-spacer-inner{height:var(--container-widget-height,var(--spacer-size))}<\/style>\t\t<div class=\"elementor-spacer\">\n\t\t\t<div class=\"elementor-spacer-inner\"><\/div>\n\t\t<\/div>\n\t\t\t\t<\/div>\n\t\t\t\t<\/div>\n\t\t\t\t<div class=\"elementor-element elementor-element-be8a9a2 elementor-widget elementor-widget-heading\" data-id=\"be8a9a2\" data-element_type=\"widget\" data-widget_type=\"heading.default\">\n\t\t\t\t<div class=\"elementor-widget-container\">\n\t\t\t<style>\/*! elementor - v3.12.0 - 29-03-2023 *\/\n.elementor-heading-title{padding:0;margin:0;line-height:1}.elementor-widget-heading .elementor-heading-title[class*=elementor-size-]>a{color:inherit;font-size:inherit;line-height:inherit}.elementor-widget-heading .elementor-heading-title.elementor-size-small{font-size:15px}.elementor-widget-heading .elementor-heading-title.elementor-size-medium{font-size:19px}.elementor-widget-heading .elementor-heading-title.elementor-size-large{font-size:29px}.elementor-widget-heading .elementor-heading-title.elementor-size-xl{font-size:39px}.elementor-widget-heading .elementor-heading-title.elementor-size-xxl{font-size:59px}<\/style><h2 class=\"elementor-heading-title elementor-size-default\">PUBLIRREPORTAJES WEB<\/h2>\t\t<\/div>\n\t\t\t\t<\/div>\n\t\t\t\t<div class=\"elementor-element elementor-element-fd66b64 elementor-widget elementor-widget-spacer\" data-id=\"fd66b64\" data-element_type=\"widget\" data-widget_type=\"spacer.default\">\n\t\t\t\t<div class=\"elementor-widget-container\">\n\t\t\t\t\t<div class=\"elementor-spacer\">\n\t\t\t<div class=\"elementor-spacer-inner\"><\/div>\n\t\t<\/div>\n\t\t\t\t<\/div>\n\t\t\t\t<\/div>\n\t\t\t\t\t<\/div>\n\t\t<\/div>\n\t\t\t\t\t\t\t<\/div>\n\t\t<\/section>\n\t\t\t\t<section class=\"elementor-section elementor-top-section elementor-element elementor-element-38ec882 elementor-section-height-min-height elementor-section-boxed elementor-section-height-default elementor-section-items-middle\" data-id=\"38ec882\" data-element_type=\"section\">\n\t\t\t\t\t\t<div class=\"elementor-container elementor-column-gap-wide\">\n\t\t\t\t\t<div class=\"elementor-column elementor-col-100 elementor-top-column elementor-element elementor-element-df50205\" data-id=\"df50205\" data-element_type=\"column\">\n\t\t\t<div class=\"elementor-widget-wrap elementor-element-populated\">\n\t\t\t\t\t\t\t\t<div class=\"elementor-element elementor-element-eb73281 elementor-posts--align-center elementor-grid-3 elementor-grid-tablet-2 elementor-grid-mobile-1 elementor-posts--thumbnail-top elementor-widget elementor-widget-posts\" data-id=\"eb73281\" data-element_type=\"widget\" data-settings=\"{&quot;classic_masonry&quot;:&quot;yes&quot;,&quot;classic_row_gap&quot;:{&quot;unit&quot;:&quot;px&quot;,&quot;size&quot;:22,&quot;sizes&quot;:[]},&quot;pagination_type&quot;:&quot;numbers_and_prev_next&quot;,&quot;classic_columns&quot;:&quot;3&quot;,&quot;classic_columns_tablet&quot;:&quot;2&quot;,&quot;classic_columns_mobile&quot;:&quot;1&quot;,&quot;classic_row_gap_tablet&quot;:{&quot;unit&quot;:&quot;px&quot;,&quot;size&quot;:&quot;&quot;,&quot;sizes&quot;:[]},&quot;classic_row_gap_mobile&quot;:{&quot;unit&quot;:&quot;px&quot;,&quot;size&quot;:&quot;&quot;,&quot;sizes&quot;:[]}}\" data-widget_type=\"posts.classic\">\n\t\t\t\t<div class=\"elementor-widget-container\">\n\t\t\t<link rel=\"stylesheet\" href=\"https:\/\/tlcmagazinemexico.com.mx\/wp-content\/plugins\/elementor-pro\/assets\/css\/widget-posts.min.css\">\t\t<div class=\"elementor-posts-container elementor-posts elementor-posts--skin-classic elementor-grid\">\n\t\t\t\t<article class=\"elementor-post elementor-grid-item post-20008 post type-post status-publish format-standard has-post-thumbnail hentry category-publirreportaje-web entry\">\n\t\t\t\t<a class=\"elementor-post__thumbnail__link\" href=\"https:\/\/tlcmagazinemexico.com.mx\/index.php\/2025\/12\/11\/sdi-cointer-impulsa-la-digitalizacion-aduanera-con-diaweb-y-sitaweb\/\" >\n\t\t\t<div class=\"elementor-post__thumbnail\"><img loading=\"lazy\" decoding=\"async\" width=\"2560\" height=\"1707\" src=\"https:\/\/tlcmagazinemexico.com.mx\/wp-content\/uploads\/2025\/12\/imagen-revista-final1-scaled.jpg\" class=\"attachment-full size-full wp-image-20009\" alt=\"\" style=\"width:100%;height:66.68%;max-width:2560px\" srcset=\"https:\/\/tlcmagazinemexico.com.mx\/wp-content\/uploads\/2025\/12\/imagen-revista-final1-scaled.jpg 2560w, https:\/\/tlcmagazinemexico.com.mx\/wp-content\/uploads\/2025\/12\/imagen-revista-final1-300x200.jpg 300w, https:\/\/tlcmagazinemexico.com.mx\/wp-content\/uploads\/2025\/12\/imagen-revista-final1-1024x683.jpg 1024w, https:\/\/tlcmagazinemexico.com.mx\/wp-content\/uploads\/2025\/12\/imagen-revista-final1-768x512.jpg 768w, https:\/\/tlcmagazinemexico.com.mx\/wp-content\/uploads\/2025\/12\/imagen-revista-final1-1536x1024.jpg 1536w, https:\/\/tlcmagazinemexico.com.mx\/wp-content\/uploads\/2025\/12\/imagen-revista-final1-2048x1365.jpg 2048w, https:\/\/tlcmagazinemexico.com.mx\/wp-content\/uploads\/2025\/12\/imagen-revista-final1-1568x1045.jpg 1568w\" sizes=\"auto, (max-width: 2560px) 100vw, 2560px\" \/><\/div>\n\t\t<\/a>\n\t\t\t\t<div class=\"elementor-post__text\">\n\t\t\t\t<h3 class=\"elementor-post__title\">\n\t\t\t<a href=\"https:\/\/tlcmagazinemexico.com.mx\/index.php\/2025\/12\/11\/sdi-cointer-impulsa-la-digitalizacion-aduanera-con-diaweb-y-sitaweb\/\" >\n\t\t\t\tSDI COINTER impulsa la digitalizaci\u00f3n aduanera con DIAWEB y SITAWEB\t\t\t<\/a>\n\t\t<\/h3>\n\t\t\t\t<div class=\"elementor-post__excerpt\">\n\t\t\t<p>En un entorno global donde la eficiencia y la agilidad marcan la diferencia en la competitividad de las empresas, la transformaci\u00f3n tecnol\u00f3gica del comercio exterior<\/p>\n\t\t<\/div>\n\t\t\n\t\t<a class=\"elementor-post__read-more\" href=\"https:\/\/tlcmagazinemexico.com.mx\/index.php\/2025\/12\/11\/sdi-cointer-impulsa-la-digitalizacion-aduanera-con-diaweb-y-sitaweb\/\" aria-label=\"Read more about SDI COINTER impulsa la digitalizaci\u00f3n aduanera con DIAWEB y SITAWEB\" >\n\t\t\tLeer m\u00e1s \u00bb\t\t<\/a>\n\n\t\t\t\t<\/div>\n\t\t\t\t<\/article>\n\t\t\t\t<article class=\"elementor-post elementor-grid-item post-10785 post type-post status-publish format-standard has-post-thumbnail hentry category-publirreportaje-web category-tlc-news entry\">\n\t\t\t\t<a class=\"elementor-post__thumbnail__link\" href=\"https:\/\/tlcmagazinemexico.com.mx\/index.php\/2024\/10\/29\/unase-a-la-revolucion-en-los-seguros-de-carga-con-asuri\/\" >\n\t\t\t<div class=\"elementor-post__thumbnail\"><img loading=\"lazy\" decoding=\"async\" width=\"2469\" height=\"1646\" src=\"https:\/\/tlcmagazinemexico.com.mx\/wp-content\/uploads\/2024\/10\/imagen-publi.png\" class=\"attachment-full size-full wp-image-10790\" alt=\"\" style=\"width:100%;height:66.67%;max-width:2469px\" srcset=\"https:\/\/tlcmagazinemexico.com.mx\/wp-content\/uploads\/2024\/10\/imagen-publi.png 2469w, https:\/\/tlcmagazinemexico.com.mx\/wp-content\/uploads\/2024\/10\/imagen-publi-300x200.png 300w, https:\/\/tlcmagazinemexico.com.mx\/wp-content\/uploads\/2024\/10\/imagen-publi-1024x683.png 1024w, https:\/\/tlcmagazinemexico.com.mx\/wp-content\/uploads\/2024\/10\/imagen-publi-768x512.png 768w, https:\/\/tlcmagazinemexico.com.mx\/wp-content\/uploads\/2024\/10\/imagen-publi-1536x1024.png 1536w, https:\/\/tlcmagazinemexico.com.mx\/wp-content\/uploads\/2024\/10\/imagen-publi-2048x1365.png 2048w, https:\/\/tlcmagazinemexico.com.mx\/wp-content\/uploads\/2024\/10\/imagen-publi-1568x1045.png 1568w\" sizes=\"auto, (max-width: 2469px) 100vw, 2469px\" \/><\/div>\n\t\t<\/a>\n\t\t\t\t<div class=\"elementor-post__text\">\n\t\t\t\t<h3 class=\"elementor-post__title\">\n\t\t\t<a href=\"https:\/\/tlcmagazinemexico.com.mx\/index.php\/2024\/10\/29\/unase-a-la-revolucion-en-los-seguros-de-carga-con-asuri\/\" >\n\t\t\t\t\u00danase a la revoluci\u00f3n en los seguros de carga con Asuri\t\t\t<\/a>\n\t\t<\/h3>\n\t\t\t\t<div class=\"elementor-post__excerpt\">\n\t\t\t<p>Asuri est\u00e1 transformando los seguros de mercanc\u00edas y contenedores en activos tangibles con beneficios evidentes para sus clientes. Lo invitamos a que conozca la compa\u00f1\u00eda<\/p>\n\t\t<\/div>\n\t\t\n\t\t<a class=\"elementor-post__read-more\" href=\"https:\/\/tlcmagazinemexico.com.mx\/index.php\/2024\/10\/29\/unase-a-la-revolucion-en-los-seguros-de-carga-con-asuri\/\" aria-label=\"Read more about \u00danase a la revoluci\u00f3n en los seguros de carga con Asuri\" >\n\t\t\tLeer m\u00e1s \u00bb\t\t<\/a>\n\n\t\t\t\t<\/div>\n\t\t\t\t<\/article>\n\t\t\t\t<article class=\"elementor-post elementor-grid-item post-5380 post type-post status-publish format-standard has-post-thumbnail hentry category-publirreportaje-web entry\">\n\t\t\t\t<a class=\"elementor-post__thumbnail__link\" href=\"https:\/\/tlcmagazinemexico.com.mx\/index.php\/2023\/11\/08\/la-transformacion-de-grupo-silca-fortalecimiento-basado-en-las-personas\/\" >\n\t\t\t<div class=\"elementor-post__thumbnail\"><img loading=\"lazy\" decoding=\"async\" width=\"901\" height=\"600\" src=\"https:\/\/tlcmagazinemexico.com.mx\/wp-content\/uploads\/2023\/11\/NEWS-BASE-900x600_2.png\" class=\"attachment-full size-full wp-image-5385\" alt=\"\" style=\"width:100%;height:66.59%;max-width:901px\" srcset=\"https:\/\/tlcmagazinemexico.com.mx\/wp-content\/uploads\/2023\/11\/NEWS-BASE-900x600_2.png 901w, https:\/\/tlcmagazinemexico.com.mx\/wp-content\/uploads\/2023\/11\/NEWS-BASE-900x600_2-300x200.png 300w, https:\/\/tlcmagazinemexico.com.mx\/wp-content\/uploads\/2023\/11\/NEWS-BASE-900x600_2-768x511.png 768w\" sizes=\"auto, (max-width: 901px) 100vw, 901px\" \/><\/div>\n\t\t<\/a>\n\t\t\t\t<div class=\"elementor-post__text\">\n\t\t\t\t<h3 class=\"elementor-post__title\">\n\t\t\t<a href=\"https:\/\/tlcmagazinemexico.com.mx\/index.php\/2023\/11\/08\/la-transformacion-de-grupo-silca-fortalecimiento-basado-en-las-personas\/\" >\n\t\t\t\tLa transformaci\u00f3n de Grupo Silca: Fortalecimiento basado en las personas\t\t\t<\/a>\n\t\t<\/h3>\n\t\t\t\t<div class=\"elementor-post__excerpt\">\n\t\t\t<p>Este a\u00f1o, Silca Log\u00edstica Agencia Aduanal, Soluciones y Punto y SYP Logistics anuncian su unificaci\u00f3n bajo la marca Grupo Silca, adem\u00e1s de su expansi\u00f3n con<\/p>\n\t\t<\/div>\n\t\t\n\t\t<a class=\"elementor-post__read-more\" href=\"https:\/\/tlcmagazinemexico.com.mx\/index.php\/2023\/11\/08\/la-transformacion-de-grupo-silca-fortalecimiento-basado-en-las-personas\/\" aria-label=\"Read more about La transformaci\u00f3n de Grupo Silca: Fortalecimiento basado en las personas\" >\n\t\t\tLeer m\u00e1s \u00bb\t\t<\/a>\n\n\t\t\t\t<\/div>\n\t\t\t\t<\/article>\n\t\t\t\t<\/div>\n\t\t\n\t\t\t\t<\/div>\n\t\t\t\t<\/div>\n\t\t\t\t\t<\/div>\n\t\t<\/div>\n\t\t\t\t\t\t\t<\/div>\n\t\t<\/section>\n\t\t\t\t\t\t\t<\/div>\n\t\t","protected":false},"excerpt":{"rendered":"<p>PUBLIRREPORTAJES WEB<\/p>\n","protected":false},"author":2,"featured_media":0,"parent":0,"menu_order":0,"comment_status":"closed","ping_status":"closed","template":"elementor_header_footer","meta":{"_monsterinsights_skip_tracking":false,"_monsterinsights_sitenote_active":false,"_monsterinsights_sitenote_note":"","_monsterinsights_sitenote_category":0,"footnotes":""},"class_list":["post-5395","page","type-page","status-publish","hentry","entry"],"_links":{"self":[{"href":"https:\/\/tlcmagazinemexico.com.mx\/index.php\/wp-json\/wp\/v2\/pages\/5395","targetHints":{"allow":["GET"]}}],"collection":[{"href":"https:\/\/tlcmagazinemexico.com.mx\/index.php\/wp-json\/wp\/v2\/pages"}],"about":[{"href":"https:\/\/tlcmagazinemexico.com.mx\/index.php\/wp-json\/wp\/v2\/types\/page"}],"author":[{"embeddable":true,"href":"https:\/\/tlcmagazinemexico.com.mx\/index.php\/wp-json\/wp\/v2\/users\/2"}],"replies":[{"embeddable":true,"href":"https:\/\/tlcmagazinemexico.com.mx\/index.php\/wp-json\/wp\/v2\/comments?post=5395"}],"version-history":[{"count":4,"href":"https:\/\/tlcmagazinemexico.com.mx\/index.php\/wp-json\/wp\/v2\/pages\/5395\/revisions"}],"predecessor-version":[{"id":5399,"href":"https:\/\/tlcmagazinemexico.com.mx\/index.php\/wp-json\/wp\/v2\/pages\/5395\/revisions\/5399"}],"wp:attachment":[{"href":"https:\/\/tlcmagazinemexico.com.mx\/index.php\/wp-json\/wp\/v2\/media?parent=5395"}],"curies":[{"name":"wp","href":"https:\/\/api.w.org\/{rel}","templated":true}]}}