{"id":4194,"date":"2023-09-07T19:04:08","date_gmt":"2023-09-07T19:04:08","guid":{"rendered":"https:\/\/tlcmagazinemexico.com.mx\/?page_id=4194"},"modified":"2023-11-08T01:01:02","modified_gmt":"2023-11-08T01:01:02","slug":"edicion-45","status":"publish","type":"page","link":"https:\/\/tlcmagazinemexico.com.mx\/index.php\/edicion-45\/","title":{"rendered":"Edici\u00f3n 45"},"content":{"rendered":"\t\t<div data-elementor-type=\"wp-page\" data-elementor-id=\"4194\" class=\"elementor elementor-4194\">\n\t\t\t\t\t\t\t\t\t<section class=\"elementor-section elementor-top-section elementor-element elementor-element-8ec89c0 elementor-section-boxed elementor-section-height-default elementor-section-height-default\" data-id=\"8ec89c0\" data-element_type=\"section\" data-settings=\"{&quot;background_background&quot;:&quot;classic&quot;}\">\n\t\t\t\t\t\t<div class=\"elementor-container elementor-column-gap-default\">\n\t\t\t\t\t<div class=\"elementor-column elementor-col-50 elementor-top-column elementor-element elementor-element-3ad134b\" data-id=\"3ad134b\" data-element_type=\"column\">\n\t\t\t<div class=\"elementor-widget-wrap elementor-element-populated\">\n\t\t\t\t\t\t\t\t<div class=\"elementor-element elementor-element-8bffcc7 elementor-widget elementor-widget-spacer\" data-id=\"8bffcc7\" data-element_type=\"widget\" data-widget_type=\"spacer.default\">\n\t\t\t\t<div class=\"elementor-widget-container\">\n\t\t\t<style>\/*! elementor - v3.12.0 - 29-03-2023 *\/\n.elementor-column .elementor-spacer-inner{height:var(--spacer-size)}.e-con{--container-widget-width:100%}.e-con-inner>.elementor-widget-spacer,.e-con>.elementor-widget-spacer{width:var(--container-widget-width,var(--spacer-size));--align-self:var(--container-widget-align-self,initial);--flex-shrink:0}.e-con-inner>.elementor-widget-spacer>.elementor-widget-container,.e-con-inner>.elementor-widget-spacer>.elementor-widget-container>.elementor-spacer,.e-con>.elementor-widget-spacer>.elementor-widget-container,.e-con>.elementor-widget-spacer>.elementor-widget-container>.elementor-spacer{height:100%}.e-con-inner>.elementor-widget-spacer>.elementor-widget-container>.elementor-spacer>.elementor-spacer-inner,.e-con>.elementor-widget-spacer>.elementor-widget-container>.elementor-spacer>.elementor-spacer-inner{height:var(--container-widget-height,var(--spacer-size))}<\/style>\t\t<div class=\"elementor-spacer\">\n\t\t\t<div class=\"elementor-spacer-inner\"><\/div>\n\t\t<\/div>\n\t\t\t\t<\/div>\n\t\t\t\t<\/div>\n\t\t\t\t<div class=\"elementor-element elementor-element-9256984 elementor-widget elementor-widget-heading\" data-id=\"9256984\" data-element_type=\"widget\" data-widget_type=\"heading.default\">\n\t\t\t\t<div class=\"elementor-widget-container\">\n\t\t\t<style>\/*! elementor - v3.12.0 - 29-03-2023 *\/\n.elementor-heading-title{padding:0;margin:0;line-height:1}.elementor-widget-heading .elementor-heading-title[class*=elementor-size-]>a{color:inherit;font-size:inherit;line-height:inherit}.elementor-widget-heading .elementor-heading-title.elementor-size-small{font-size:15px}.elementor-widget-heading .elementor-heading-title.elementor-size-medium{font-size:19px}.elementor-widget-heading .elementor-heading-title.elementor-size-large{font-size:29px}.elementor-widget-heading .elementor-heading-title.elementor-size-xl{font-size:39px}.elementor-widget-heading .elementor-heading-title.elementor-size-xxl{font-size:59px}<\/style><h2 class=\"elementor-heading-title elementor-size-default\">Edici\u00f3n 45<\/h2>\t\t<\/div>\n\t\t\t\t<\/div>\n\t\t\t\t<div class=\"elementor-element elementor-element-a65a3f7 elementor-widget elementor-widget-text-editor\" data-id=\"a65a3f7\" data-element_type=\"widget\" data-widget_type=\"text-editor.default\">\n\t\t\t\t<div class=\"elementor-widget-container\">\n\t\t\t<style>\/*! elementor - v3.12.0 - 29-03-2023 *\/\n.elementor-widget-text-editor.elementor-drop-cap-view-stacked .elementor-drop-cap{background-color:#69727d;color:#fff}.elementor-widget-text-editor.elementor-drop-cap-view-framed .elementor-drop-cap{color:#69727d;border:3px solid;background-color:transparent}.elementor-widget-text-editor:not(.elementor-drop-cap-view-default) .elementor-drop-cap{margin-top:8px}.elementor-widget-text-editor:not(.elementor-drop-cap-view-default) .elementor-drop-cap-letter{width:1em;height:1em}.elementor-widget-text-editor .elementor-drop-cap{float:left;text-align:center;line-height:1;font-size:50px}.elementor-widget-text-editor .elementor-drop-cap-letter{display:inline-block}<\/style>\t\t\t\t<p>Descarga la edici\u00f3n gratuita por tiempo limitado<\/p>\t\t\t\t\t\t<\/div>\n\t\t\t\t<\/div>\n\t\t\t\t<div class=\"elementor-element elementor-element-505960c elementor-align-center elementor-widget elementor-widget-button\" data-id=\"505960c\" data-element_type=\"widget\" data-widget_type=\"button.default\">\n\t\t\t\t<div class=\"elementor-widget-container\">\n\t\t\t\t\t<div class=\"elementor-button-wrapper\">\n\t\t\t<a href=\"https:\/\/bit.ly\/3sIWcdx\" class=\"elementor-button-link elementor-button elementor-size-sm\" role=\"button\">\n\t\t\t\t\t\t<span class=\"elementor-button-content-wrapper\">\n\t\t\t\t\t\t<span class=\"elementor-button-text\">Descarga PDF<\/span>\n\t\t<\/span>\n\t\t\t\t\t<\/a>\n\t\t<\/div>\n\t\t\t\t<\/div>\n\t\t\t\t<\/div>\n\t\t\t\t<div class=\"elementor-element elementor-element-c6899a6 elementor-align-center elementor-widget elementor-widget-button\" data-id=\"c6899a6\" data-element_type=\"widget\" data-widget_type=\"button.default\">\n\t\t\t\t<div class=\"elementor-widget-container\">\n\t\t\t\t\t<div class=\"elementor-button-wrapper\">\n\t\t\t<a href=\"https:\/\/bit.ly\/3RcUJq7\" class=\"elementor-button-link elementor-button elementor-size-sm\" role=\"button\">\n\t\t\t\t\t\t<span class=\"elementor-button-content-wrapper\">\n\t\t\t\t\t\t<span class=\"elementor-button-text\">Descarga Ebook<\/span>\n\t\t<\/span>\n\t\t\t\t\t<\/a>\n\t\t<\/div>\n\t\t\t\t<\/div>\n\t\t\t\t<\/div>\n\t\t\t\t\t<\/div>\n\t\t<\/div>\n\t\t\t\t<div class=\"elementor-column elementor-col-50 elementor-top-column elementor-element elementor-element-4ebc5db\" data-id=\"4ebc5db\" data-element_type=\"column\">\n\t\t\t<div class=\"elementor-widget-wrap elementor-element-populated\">\n\t\t\t\t\t\t\t\t<div class=\"elementor-element elementor-element-ea822cc elementor-widget elementor-widget-image\" data-id=\"ea822cc\" data-element_type=\"widget\" data-widget_type=\"image.default\">\n\t\t\t\t<div class=\"elementor-widget-container\">\n\t\t\t<style>\/*! elementor - v3.12.0 - 29-03-2023 *\/\n.elementor-widget-image{text-align:center}.elementor-widget-image a{display:inline-block}.elementor-widget-image a img[src$=\".svg\"]{width:48px}.elementor-widget-image img{vertical-align:middle;display:inline-block}<\/style>\t\t\t\t\t\t\t\t\t\t\t\t<img loading=\"lazy\" decoding=\"async\" width=\"750\" height=\"716\" src=\"https:\/\/tlcmagazinemexico.com.mx\/wp-content\/uploads\/2023\/09\/Web_revista-sola-1024x977.png\" class=\"attachment-large size-large wp-image-4197\" alt=\"\" srcset=\"https:\/\/tlcmagazinemexico.com.mx\/wp-content\/uploads\/2023\/09\/Web_revista-sola-1024x977.png 1024w, https:\/\/tlcmagazinemexico.com.mx\/wp-content\/uploads\/2023\/09\/Web_revista-sola-300x286.png 300w, https:\/\/tlcmagazinemexico.com.mx\/wp-content\/uploads\/2023\/09\/Web_revista-sola-768x733.png 768w, https:\/\/tlcmagazinemexico.com.mx\/wp-content\/uploads\/2023\/09\/Web_revista-sola-1536x1466.png 1536w, https:\/\/tlcmagazinemexico.com.mx\/wp-content\/uploads\/2023\/09\/Web_revista-sola-2048x1955.png 2048w, https:\/\/tlcmagazinemexico.com.mx\/wp-content\/uploads\/2023\/09\/Web_revista-sola-1568x1497.png 1568w\" sizes=\"auto, (max-width: 750px) 100vw, 750px\" style=\"width:100%;height:95.45%;max-width:4769px\" \/>\t\t\t\t\t\t\t\t\t\t\t\t\t\t\t<\/div>\n\t\t\t\t<\/div>\n\t\t\t\t\t<\/div>\n\t\t<\/div>\n\t\t\t\t\t\t\t<\/div>\n\t\t<\/section>\n\t\t\t\t<section class=\"elementor-section elementor-top-section elementor-element elementor-element-86d769e elementor-section-boxed elementor-section-height-default elementor-section-height-default\" data-id=\"86d769e\" data-element_type=\"section\">\n\t\t\t\t\t\t<div class=\"elementor-container elementor-column-gap-default\">\n\t\t\t\t\t<div class=\"elementor-column elementor-col-33 elementor-top-column elementor-element elementor-element-0deba43\" data-id=\"0deba43\" data-element_type=\"column\">\n\t\t\t<div class=\"elementor-widget-wrap\">\n\t\t\t\t\t\t\t\t\t<\/div>\n\t\t<\/div>\n\t\t\t\t<div class=\"elementor-column elementor-col-33 elementor-top-column elementor-element elementor-element-6326e5b\" data-id=\"6326e5b\" data-element_type=\"column\">\n\t\t\t<div class=\"elementor-widget-wrap elementor-element-populated\">\n\t\t\t\t\t\t\t\t<div class=\"elementor-element elementor-element-96c9948 elementor-invisible elementor-widget elementor-widget-image\" data-id=\"96c9948\" data-element_type=\"widget\" data-settings=\"{&quot;motion_fx_motion_fx_mouse&quot;:&quot;yes&quot;,&quot;motion_fx_mouseTrack_effect&quot;:&quot;yes&quot;,&quot;motion_fx_mouseTrack_speed&quot;:{&quot;unit&quot;:&quot;px&quot;,&quot;size&quot;:0.7,&quot;sizes&quot;:[]},&quot;_animation&quot;:&quot;fadeInUp&quot;}\" data-widget_type=\"image.default\">\n\t\t\t\t<div class=\"elementor-widget-container\">\n\t\t\t\t\t\t\t\t\t\t\t\t\t\t\t\t<a href=\"https:\/\/tlcmagazinemexico.com.mx\/index.php\/2023\/11\/08\/la-transformacion-de-grupo-silca-fortalecimiento-basado-en-las-personas\/\">\n\t\t\t\t\t\t\t<img loading=\"lazy\" decoding=\"async\" width=\"750\" height=\"500\" src=\"https:\/\/tlcmagazinemexico.com.mx\/wp-content\/uploads\/2023\/11\/NEWS-BASE-900x600-1-1024x682.png\" class=\"attachment-large size-large wp-image-5388\" alt=\"\" srcset=\"https:\/\/tlcmagazinemexico.com.mx\/wp-content\/uploads\/2023\/11\/NEWS-BASE-900x600-1-1024x682.png 1024w, https:\/\/tlcmagazinemexico.com.mx\/wp-content\/uploads\/2023\/11\/NEWS-BASE-900x600-1-300x200.png 300w, https:\/\/tlcmagazinemexico.com.mx\/wp-content\/uploads\/2023\/11\/NEWS-BASE-900x600-1-768x511.png 768w, https:\/\/tlcmagazinemexico.com.mx\/wp-content\/uploads\/2023\/11\/NEWS-BASE-900x600-1-1536x1023.png 1536w, https:\/\/tlcmagazinemexico.com.mx\/wp-content\/uploads\/2023\/11\/NEWS-BASE-900x600-1-1568x1044.png 1568w, https:\/\/tlcmagazinemexico.com.mx\/wp-content\/uploads\/2023\/11\/NEWS-BASE-900x600-1.png 1876w\" sizes=\"auto, (max-width: 750px) 100vw, 750px\" style=\"width:100%;height:66.58%;max-width:1876px\" \/>\t\t\t\t\t\t\t\t<\/a>\n\t\t\t\t\t\t\t\t\t\t\t\t\t\t\t<\/div>\n\t\t\t\t<\/div>\n\t\t\t\t<div class=\"elementor-element elementor-element-421b0a6 elementor-widget elementor-widget-heading\" data-id=\"421b0a6\" data-element_type=\"widget\" data-widget_type=\"heading.default\">\n\t\t\t\t<div class=\"elementor-widget-container\">\n\t\t\t<h2 class=\"elementor-heading-title elementor-size-default\">PUBLIRREPORTAJE SILCA<\/h2>\t\t<\/div>\n\t\t\t\t<\/div>\n\t\t\t\t\t<\/div>\n\t\t<\/div>\n\t\t\t\t<div class=\"elementor-column elementor-col-33 elementor-top-column elementor-element elementor-element-3126c39\" data-id=\"3126c39\" data-element_type=\"column\">\n\t\t\t<div class=\"elementor-widget-wrap\">\n\t\t\t\t\t\t\t\t\t<\/div>\n\t\t<\/div>\n\t\t\t\t\t\t\t<\/div>\n\t\t<\/section>\n\t\t\t\t<section class=\"elementor-section elementor-top-section elementor-element elementor-element-fed698f elementor-section-boxed elementor-section-height-default elementor-section-height-default\" data-id=\"fed698f\" data-element_type=\"section\">\n\t\t\t\t\t\t<div class=\"elementor-container elementor-column-gap-default\">\n\t\t\t\t\t<div class=\"elementor-column elementor-col-100 elementor-top-column elementor-element elementor-element-e6302ce\" data-id=\"e6302ce\" data-element_type=\"column\">\n\t\t\t<div class=\"elementor-widget-wrap elementor-element-populated\">\n\t\t\t\t\t\t\t\t<div class=\"elementor-element elementor-element-9a35630 elementor-posts--align-center elementor-grid-3 elementor-grid-tablet-2 elementor-grid-mobile-1 elementor-posts--thumbnail-top elementor-widget elementor-widget-posts\" data-id=\"9a35630\" data-element_type=\"widget\" data-settings=\"{&quot;classic_masonry&quot;:&quot;yes&quot;,&quot;classic_row_gap&quot;:{&quot;unit&quot;:&quot;px&quot;,&quot;size&quot;:37,&quot;sizes&quot;:[]},&quot;classic_columns&quot;:&quot;3&quot;,&quot;classic_columns_tablet&quot;:&quot;2&quot;,&quot;classic_columns_mobile&quot;:&quot;1&quot;,&quot;classic_row_gap_tablet&quot;:{&quot;unit&quot;:&quot;px&quot;,&quot;size&quot;:&quot;&quot;,&quot;sizes&quot;:[]},&quot;classic_row_gap_mobile&quot;:{&quot;unit&quot;:&quot;px&quot;,&quot;size&quot;:&quot;&quot;,&quot;sizes&quot;:[]}}\" data-widget_type=\"posts.classic\">\n\t\t\t\t<div class=\"elementor-widget-container\">\n\t\t\t<link rel=\"stylesheet\" href=\"https:\/\/tlcmagazinemexico.com.mx\/wp-content\/plugins\/elementor-pro\/assets\/css\/widget-posts.min.css\">\t\t<div class=\"elementor-posts-container elementor-posts elementor-posts--skin-classic elementor-grid\">\n\t\t\t\t<article class=\"elementor-post elementor-grid-item post-3643 post type-post status-publish format-standard has-post-thumbnail hentry category-edicion-45 entry\">\n\t\t\t\t<a class=\"elementor-post__thumbnail__link\" href=\"https:\/\/tlcmagazinemexico.com.mx\/index.php\/2023\/08\/14\/la-omc-forjando-el-futuro-del-comercio-internacional-en-2025\/\" >\n\t\t\t<div class=\"elementor-post__thumbnail\"><img loading=\"lazy\" decoding=\"async\" width=\"300\" height=\"200\" src=\"https:\/\/tlcmagazinemexico.com.mx\/wp-content\/uploads\/2023\/08\/Portadas-45-Web_Art.-6-300x200.png\" class=\"attachment-medium size-medium wp-image-4094\" alt=\"\" style=\"width:100%;height:66.67%;max-width:939px\" srcset=\"https:\/\/tlcmagazinemexico.com.mx\/wp-content\/uploads\/2023\/08\/Portadas-45-Web_Art.-6-300x200.png 300w, https:\/\/tlcmagazinemexico.com.mx\/wp-content\/uploads\/2023\/08\/Portadas-45-Web_Art.-6-768x512.png 768w, https:\/\/tlcmagazinemexico.com.mx\/wp-content\/uploads\/2023\/08\/Portadas-45-Web_Art.-6.png 939w\" sizes=\"auto, (max-width: 300px) 100vw, 300px\" \/><\/div>\n\t\t<\/a>\n\t\t\t\t<div class=\"elementor-post__text\">\n\t\t\t\t<h3 class=\"elementor-post__title\">\n\t\t\t<a href=\"https:\/\/tlcmagazinemexico.com.mx\/index.php\/2023\/08\/14\/la-omc-forjando-el-futuro-del-comercio-internacional-en-2025\/\" >\n\t\t\t\tLa OMC: Forjando el futuro del comercio internacional en 2025\t\t\t<\/a>\n\t\t<\/h3>\n\t\t\n\t\t<a class=\"elementor-post__read-more\" href=\"https:\/\/tlcmagazinemexico.com.mx\/index.php\/2023\/08\/14\/la-omc-forjando-el-futuro-del-comercio-internacional-en-2025\/\" aria-label=\"Read more about La OMC: Forjando el futuro del comercio internacional en 2025\" >\n\t\t\tLeer m\u00e1s \u00bb\t\t<\/a>\n\n\t\t\t\t<\/div>\n\t\t\t\t<\/article>\n\t\t\t\t<article class=\"elementor-post elementor-grid-item post-3637 post type-post status-publish format-standard has-post-thumbnail hentry category-edicion-45 entry\">\n\t\t\t\t<a class=\"elementor-post__thumbnail__link\" href=\"https:\/\/tlcmagazinemexico.com.mx\/index.php\/2023\/08\/14\/la-inteligencia-artificial-generativa-y-el-comercio-internacional\/\" >\n\t\t\t<div class=\"elementor-post__thumbnail\"><img loading=\"lazy\" decoding=\"async\" width=\"300\" height=\"200\" src=\"https:\/\/tlcmagazinemexico.com.mx\/wp-content\/uploads\/2023\/08\/Portadas-45-Web_Art.-5-1-300x200.png\" class=\"attachment-medium size-medium wp-image-4231\" alt=\"\" style=\"width:100%;height:66.67%;max-width:939px\" srcset=\"https:\/\/tlcmagazinemexico.com.mx\/wp-content\/uploads\/2023\/08\/Portadas-45-Web_Art.-5-1-300x200.png 300w, https:\/\/tlcmagazinemexico.com.mx\/wp-content\/uploads\/2023\/08\/Portadas-45-Web_Art.-5-1-768x512.png 768w, https:\/\/tlcmagazinemexico.com.mx\/wp-content\/uploads\/2023\/08\/Portadas-45-Web_Art.-5-1.png 939w\" sizes=\"auto, (max-width: 300px) 100vw, 300px\" \/><\/div>\n\t\t<\/a>\n\t\t\t\t<div class=\"elementor-post__text\">\n\t\t\t\t<h3 class=\"elementor-post__title\">\n\t\t\t<a href=\"https:\/\/tlcmagazinemexico.com.mx\/index.php\/2023\/08\/14\/la-inteligencia-artificial-generativa-y-el-comercio-internacional\/\" >\n\t\t\t\tLa Inteligencia Artificial Generativa y el Comercio Internacional\t\t\t<\/a>\n\t\t<\/h3>\n\t\t\n\t\t<a class=\"elementor-post__read-more\" href=\"https:\/\/tlcmagazinemexico.com.mx\/index.php\/2023\/08\/14\/la-inteligencia-artificial-generativa-y-el-comercio-internacional\/\" aria-label=\"Read more about La Inteligencia Artificial Generativa y el Comercio Internacional\" >\n\t\t\tLeer m\u00e1s \u00bb\t\t<\/a>\n\n\t\t\t\t<\/div>\n\t\t\t\t<\/article>\n\t\t\t\t<article class=\"elementor-post elementor-grid-item post-3487 post type-post status-publish format-standard has-post-thumbnail hentry category-edicion-45 entry\">\n\t\t\t\t<a class=\"elementor-post__thumbnail__link\" href=\"https:\/\/tlcmagazinemexico.com.mx\/index.php\/2023\/08\/08\/reformas-a-diversas-leyes-administrativas\/\" >\n\t\t\t<div class=\"elementor-post__thumbnail\"><img loading=\"lazy\" decoding=\"async\" width=\"300\" height=\"200\" src=\"https:\/\/tlcmagazinemexico.com.mx\/wp-content\/uploads\/2023\/08\/Portadas-45-Web_Art.-4-300x200.png\" class=\"attachment-medium size-medium wp-image-4090\" alt=\"\" style=\"width:100%;height:66.67%;max-width:939px\" srcset=\"https:\/\/tlcmagazinemexico.com.mx\/wp-content\/uploads\/2023\/08\/Portadas-45-Web_Art.-4-300x200.png 300w, https:\/\/tlcmagazinemexico.com.mx\/wp-content\/uploads\/2023\/08\/Portadas-45-Web_Art.-4-768x512.png 768w, https:\/\/tlcmagazinemexico.com.mx\/wp-content\/uploads\/2023\/08\/Portadas-45-Web_Art.-4.png 939w\" sizes=\"auto, (max-width: 300px) 100vw, 300px\" \/><\/div>\n\t\t<\/a>\n\t\t\t\t<div class=\"elementor-post__text\">\n\t\t\t\t<h3 class=\"elementor-post__title\">\n\t\t\t<a href=\"https:\/\/tlcmagazinemexico.com.mx\/index.php\/2023\/08\/08\/reformas-a-diversas-leyes-administrativas\/\" >\n\t\t\t\tReformas a diversas Leyes Administrativas\t\t\t<\/a>\n\t\t<\/h3>\n\t\t\n\t\t<a class=\"elementor-post__read-more\" href=\"https:\/\/tlcmagazinemexico.com.mx\/index.php\/2023\/08\/08\/reformas-a-diversas-leyes-administrativas\/\" aria-label=\"Read more about Reformas a diversas Leyes Administrativas\" >\n\t\t\tLeer m\u00e1s \u00bb\t\t<\/a>\n\n\t\t\t\t<\/div>\n\t\t\t\t<\/article>\n\t\t\t\t<article class=\"elementor-post elementor-grid-item post-3479 post type-post status-publish format-standard has-post-thumbnail hentry category-edicion-45 entry\">\n\t\t\t\t<a class=\"elementor-post__thumbnail__link\" href=\"https:\/\/tlcmagazinemexico.com.mx\/index.php\/2023\/08\/08\/cumplimiento-cooperativo-en-materia-aduanera\/\" >\n\t\t\t<div class=\"elementor-post__thumbnail\"><img loading=\"lazy\" decoding=\"async\" width=\"300\" height=\"200\" src=\"https:\/\/tlcmagazinemexico.com.mx\/wp-content\/uploads\/2023\/08\/Portadas-45-Web_Art.-3-300x200.png\" class=\"attachment-medium size-medium wp-image-4088\" alt=\"\" style=\"width:100%;height:66.67%;max-width:939px\" srcset=\"https:\/\/tlcmagazinemexico.com.mx\/wp-content\/uploads\/2023\/08\/Portadas-45-Web_Art.-3-300x200.png 300w, https:\/\/tlcmagazinemexico.com.mx\/wp-content\/uploads\/2023\/08\/Portadas-45-Web_Art.-3-768x512.png 768w, https:\/\/tlcmagazinemexico.com.mx\/wp-content\/uploads\/2023\/08\/Portadas-45-Web_Art.-3.png 939w\" sizes=\"auto, (max-width: 300px) 100vw, 300px\" \/><\/div>\n\t\t<\/a>\n\t\t\t\t<div class=\"elementor-post__text\">\n\t\t\t\t<h3 class=\"elementor-post__title\">\n\t\t\t<a href=\"https:\/\/tlcmagazinemexico.com.mx\/index.php\/2023\/08\/08\/cumplimiento-cooperativo-en-materia-aduanera\/\" >\n\t\t\t\tCumplimiento cooperativo en materia aduanera\t\t\t<\/a>\n\t\t<\/h3>\n\t\t\n\t\t<a class=\"elementor-post__read-more\" href=\"https:\/\/tlcmagazinemexico.com.mx\/index.php\/2023\/08\/08\/cumplimiento-cooperativo-en-materia-aduanera\/\" aria-label=\"Read more about Cumplimiento cooperativo en materia aduanera\" >\n\t\t\tLeer m\u00e1s \u00bb\t\t<\/a>\n\n\t\t\t\t<\/div>\n\t\t\t\t<\/article>\n\t\t\t\t<article class=\"elementor-post elementor-grid-item post-3473 post type-post status-publish format-standard has-post-thumbnail hentry category-edicion-45 entry\">\n\t\t\t\t<a class=\"elementor-post__thumbnail__link\" href=\"https:\/\/tlcmagazinemexico.com.mx\/index.php\/2023\/08\/08\/variables-macroeconomicas-que-interactuan-con-mexico\/\" >\n\t\t\t<div class=\"elementor-post__thumbnail\"><img loading=\"lazy\" decoding=\"async\" width=\"300\" height=\"200\" src=\"https:\/\/tlcmagazinemexico.com.mx\/wp-content\/uploads\/2023\/08\/Portadas-45-Web_Art.-2-300x200.png\" class=\"attachment-medium size-medium wp-image-4098\" alt=\"\" style=\"width:100%;height:66.67%;max-width:939px\" srcset=\"https:\/\/tlcmagazinemexico.com.mx\/wp-content\/uploads\/2023\/08\/Portadas-45-Web_Art.-2-300x200.png 300w, https:\/\/tlcmagazinemexico.com.mx\/wp-content\/uploads\/2023\/08\/Portadas-45-Web_Art.-2-768x512.png 768w, https:\/\/tlcmagazinemexico.com.mx\/wp-content\/uploads\/2023\/08\/Portadas-45-Web_Art.-2.png 939w\" sizes=\"auto, (max-width: 300px) 100vw, 300px\" \/><\/div>\n\t\t<\/a>\n\t\t\t\t<div class=\"elementor-post__text\">\n\t\t\t\t<h3 class=\"elementor-post__title\">\n\t\t\t<a href=\"https:\/\/tlcmagazinemexico.com.mx\/index.php\/2023\/08\/08\/variables-macroeconomicas-que-interactuan-con-mexico\/\" >\n\t\t\t\tVariables Macroecon\u00f3micas que interact\u00faan con M\u00e9xico\t\t\t<\/a>\n\t\t<\/h3>\n\t\t\n\t\t<a class=\"elementor-post__read-more\" href=\"https:\/\/tlcmagazinemexico.com.mx\/index.php\/2023\/08\/08\/variables-macroeconomicas-que-interactuan-con-mexico\/\" aria-label=\"Read more about Variables Macroecon\u00f3micas que interact\u00faan con M\u00e9xico\" >\n\t\t\tLeer m\u00e1s \u00bb\t\t<\/a>\n\n\t\t\t\t<\/div>\n\t\t\t\t<\/article>\n\t\t\t\t<article class=\"elementor-post elementor-grid-item post-3468 post type-post status-publish format-standard has-post-thumbnail hentry category-edicion-45 entry\">\n\t\t\t\t<a class=\"elementor-post__thumbnail__link\" href=\"https:\/\/tlcmagazinemexico.com.mx\/index.php\/2023\/08\/08\/comercio-internacional-de-mexico-con-los-estados-unidos-y-con-canada-retos-y-avances-en-la-actualidad\/\" >\n\t\t\t<div class=\"elementor-post__thumbnail\"><img loading=\"lazy\" decoding=\"async\" width=\"300\" height=\"200\" src=\"https:\/\/tlcmagazinemexico.com.mx\/wp-content\/uploads\/2023\/08\/Portadas-45-Web_Art.-1-300x200.png\" class=\"attachment-medium size-medium wp-image-4096\" alt=\"\" style=\"width:100%;height:66.67%;max-width:939px\" srcset=\"https:\/\/tlcmagazinemexico.com.mx\/wp-content\/uploads\/2023\/08\/Portadas-45-Web_Art.-1-300x200.png 300w, https:\/\/tlcmagazinemexico.com.mx\/wp-content\/uploads\/2023\/08\/Portadas-45-Web_Art.-1-768x512.png 768w, https:\/\/tlcmagazinemexico.com.mx\/wp-content\/uploads\/2023\/08\/Portadas-45-Web_Art.-1.png 939w\" sizes=\"auto, (max-width: 300px) 100vw, 300px\" \/><\/div>\n\t\t<\/a>\n\t\t\t\t<div class=\"elementor-post__text\">\n\t\t\t\t<h3 class=\"elementor-post__title\">\n\t\t\t<a href=\"https:\/\/tlcmagazinemexico.com.mx\/index.php\/2023\/08\/08\/comercio-internacional-de-mexico-con-los-estados-unidos-y-con-canada-retos-y-avances-en-la-actualidad\/\" >\n\t\t\t\tComercio internacional de M\u00e9xico con los Estados Unidos y con Canad\u00e1 retos y avances en la actualidad\t\t\t<\/a>\n\t\t<\/h3>\n\t\t\n\t\t<a class=\"elementor-post__read-more\" href=\"https:\/\/tlcmagazinemexico.com.mx\/index.php\/2023\/08\/08\/comercio-internacional-de-mexico-con-los-estados-unidos-y-con-canada-retos-y-avances-en-la-actualidad\/\" aria-label=\"Read more about Comercio internacional de M\u00e9xico con los Estados Unidos y con Canad\u00e1 retos y avances en la actualidad\" >\n\t\t\tLeer m\u00e1s \u00bb\t\t<\/a>\n\n\t\t\t\t<\/div>\n\t\t\t\t<\/article>\n\t\t\t\t<\/div>\n\t\t\n\t\t\t\t<\/div>\n\t\t\t\t<\/div>\n\t\t\t\t\t<\/div>\n\t\t<\/div>\n\t\t\t\t\t\t\t<\/div>\n\t\t<\/section>\n\t\t\t\t\t\t\t<\/div>\n\t\t","protected":false},"excerpt":{"rendered":"<p>Edici\u00f3n 45 Descarga la edici\u00f3n gratuita por tiempo limitado Descarga<\/p>\n","protected":false},"author":2,"featured_media":0,"parent":0,"menu_order":0,"comment_status":"closed","ping_status":"closed","template":"elementor_header_footer","meta":{"_monsterinsights_skip_tracking":false,"_monsterinsights_sitenote_active":false,"_monsterinsights_sitenote_note":"","_monsterinsights_sitenote_category":0,"footnotes":""},"class_list":["post-4194","page","type-page","status-publish","hentry","entry"],"_links":{"self":[{"href":"https:\/\/tlcmagazinemexico.com.mx\/index.php\/wp-json\/wp\/v2\/pages\/4194","targetHints":{"allow":["GET"]}}],"collection":[{"href":"https:\/\/tlcmagazinemexico.com.mx\/index.php\/wp-json\/wp\/v2\/pages"}],"about":[{"href":"https:\/\/tlcmagazinemexico.com.mx\/index.php\/wp-json\/wp\/v2\/types\/page"}],"author":[{"embeddable":true,"href":"https:\/\/tlcmagazinemexico.com.mx\/index.php\/wp-json\/wp\/v2\/users\/2"}],"replies":[{"embeddable":true,"href":"https:\/\/tlcmagazinemexico.com.mx\/index.php\/wp-json\/wp\/v2\/comments?post=4194"}],"version-history":[{"count":13,"href":"https:\/\/tlcmagazinemexico.com.mx\/index.php\/wp-json\/wp\/v2\/pages\/4194\/revisions"}],"predecessor-version":[{"id":5394,"href":"https:\/\/tlcmagazinemexico.com.mx\/index.php\/wp-json\/wp\/v2\/pages\/4194\/revisions\/5394"}],"wp:attachment":[{"href":"https:\/\/tlcmagazinemexico.com.mx\/index.php\/wp-json\/wp\/v2\/media?parent=4194"}],"curies":[{"name":"wp","href":"https:\/\/api.w.org\/{rel}","templated":true}]}}