{"id":1845,"date":"2023-05-30T19:07:40","date_gmt":"2023-05-30T19:07:40","guid":{"rendered":"https:\/\/tlcmagazinemexico.com.mx\/?page_id=1845"},"modified":"2023-05-30T19:10:17","modified_gmt":"2023-05-30T19:10:17","slug":"edicion-43","status":"publish","type":"page","link":"https:\/\/tlcmagazinemexico.com.mx\/index.php\/edicion-43\/","title":{"rendered":"Edici\u00f3n 43"},"content":{"rendered":"\t\t<div data-elementor-type=\"wp-page\" data-elementor-id=\"1845\" class=\"elementor elementor-1845\">\n\t\t\t\t\t\t\t\t\t<section class=\"elementor-section elementor-top-section elementor-element elementor-element-06012b3 elementor-section-boxed elementor-section-height-default elementor-section-height-default\" data-id=\"06012b3\" data-element_type=\"section\" data-settings=\"{&quot;background_background&quot;:&quot;classic&quot;}\">\n\t\t\t\t\t\t<div class=\"elementor-container elementor-column-gap-default\">\n\t\t\t\t\t<div class=\"elementor-column elementor-col-50 elementor-top-column elementor-element elementor-element-a83e60a\" data-id=\"a83e60a\" data-element_type=\"column\">\n\t\t\t<div class=\"elementor-widget-wrap elementor-element-populated\">\n\t\t\t\t\t\t\t\t<div class=\"elementor-element elementor-element-0414eb5 elementor-widget elementor-widget-spacer\" data-id=\"0414eb5\" data-element_type=\"widget\" data-widget_type=\"spacer.default\">\n\t\t\t\t<div class=\"elementor-widget-container\">\n\t\t\t<style>\/*! elementor - v3.12.0 - 29-03-2023 *\/\n.elementor-column .elementor-spacer-inner{height:var(--spacer-size)}.e-con{--container-widget-width:100%}.e-con-inner>.elementor-widget-spacer,.e-con>.elementor-widget-spacer{width:var(--container-widget-width,var(--spacer-size));--align-self:var(--container-widget-align-self,initial);--flex-shrink:0}.e-con-inner>.elementor-widget-spacer>.elementor-widget-container,.e-con-inner>.elementor-widget-spacer>.elementor-widget-container>.elementor-spacer,.e-con>.elementor-widget-spacer>.elementor-widget-container,.e-con>.elementor-widget-spacer>.elementor-widget-container>.elementor-spacer{height:100%}.e-con-inner>.elementor-widget-spacer>.elementor-widget-container>.elementor-spacer>.elementor-spacer-inner,.e-con>.elementor-widget-spacer>.elementor-widget-container>.elementor-spacer>.elementor-spacer-inner{height:var(--container-widget-height,var(--spacer-size))}<\/style>\t\t<div class=\"elementor-spacer\">\n\t\t\t<div class=\"elementor-spacer-inner\"><\/div>\n\t\t<\/div>\n\t\t\t\t<\/div>\n\t\t\t\t<\/div>\n\t\t\t\t<div class=\"elementor-element elementor-element-a476141 elementor-widget elementor-widget-heading\" data-id=\"a476141\" data-element_type=\"widget\" data-widget_type=\"heading.default\">\n\t\t\t\t<div class=\"elementor-widget-container\">\n\t\t\t<style>\/*! elementor - v3.12.0 - 29-03-2023 *\/\n.elementor-heading-title{padding:0;margin:0;line-height:1}.elementor-widget-heading .elementor-heading-title[class*=elementor-size-]>a{color:inherit;font-size:inherit;line-height:inherit}.elementor-widget-heading .elementor-heading-title.elementor-size-small{font-size:15px}.elementor-widget-heading .elementor-heading-title.elementor-size-medium{font-size:19px}.elementor-widget-heading .elementor-heading-title.elementor-size-large{font-size:29px}.elementor-widget-heading .elementor-heading-title.elementor-size-xl{font-size:39px}.elementor-widget-heading .elementor-heading-title.elementor-size-xxl{font-size:59px}<\/style><h2 class=\"elementor-heading-title elementor-size-default\">Edici\u00f3n 43<\/h2>\t\t<\/div>\n\t\t\t\t<\/div>\n\t\t\t\t<div class=\"elementor-element elementor-element-d856c4f elementor-widget elementor-widget-text-editor\" data-id=\"d856c4f\" data-element_type=\"widget\" data-widget_type=\"text-editor.default\">\n\t\t\t\t<div class=\"elementor-widget-container\">\n\t\t\t<style>\/*! elementor - v3.12.0 - 29-03-2023 *\/\n.elementor-widget-text-editor.elementor-drop-cap-view-stacked .elementor-drop-cap{background-color:#69727d;color:#fff}.elementor-widget-text-editor.elementor-drop-cap-view-framed .elementor-drop-cap{color:#69727d;border:3px solid;background-color:transparent}.elementor-widget-text-editor:not(.elementor-drop-cap-view-default) .elementor-drop-cap{margin-top:8px}.elementor-widget-text-editor:not(.elementor-drop-cap-view-default) .elementor-drop-cap-letter{width:1em;height:1em}.elementor-widget-text-editor .elementor-drop-cap{float:left;text-align:center;line-height:1;font-size:50px}.elementor-widget-text-editor .elementor-drop-cap-letter{display:inline-block}<\/style>\t\t\t\t<p>Descarga la edici\u00f3n gratuita por tiempo limitado<\/p>\t\t\t\t\t\t<\/div>\n\t\t\t\t<\/div>\n\t\t\t\t<div class=\"elementor-element elementor-element-aebb65a elementor-align-center elementor-widget elementor-widget-button\" data-id=\"aebb65a\" data-element_type=\"widget\" data-widget_type=\"button.default\">\n\t\t\t\t<div class=\"elementor-widget-container\">\n\t\t\t\t\t<div class=\"elementor-button-wrapper\">\n\t\t\t<a href=\"https:\/\/bit.ly\/45NJPvY\" class=\"elementor-button-link elementor-button elementor-size-sm\" role=\"button\">\n\t\t\t\t\t\t<span class=\"elementor-button-content-wrapper\">\n\t\t\t\t\t\t<span class=\"elementor-button-text\">Descarga PDF<\/span>\n\t\t<\/span>\n\t\t\t\t\t<\/a>\n\t\t<\/div>\n\t\t\t\t<\/div>\n\t\t\t\t<\/div>\n\t\t\t\t<div class=\"elementor-element elementor-element-4887547 elementor-align-center elementor-widget elementor-widget-button\" data-id=\"4887547\" data-element_type=\"widget\" data-widget_type=\"button.default\">\n\t\t\t\t<div class=\"elementor-widget-container\">\n\t\t\t\t\t<div class=\"elementor-button-wrapper\">\n\t\t\t<a href=\"https:\/\/bit.ly\/43ddwVl\" class=\"elementor-button-link elementor-button elementor-size-sm\" role=\"button\">\n\t\t\t\t\t\t<span class=\"elementor-button-content-wrapper\">\n\t\t\t\t\t\t<span class=\"elementor-button-text\">Descarga Ebook<\/span>\n\t\t<\/span>\n\t\t\t\t\t<\/a>\n\t\t<\/div>\n\t\t\t\t<\/div>\n\t\t\t\t<\/div>\n\t\t\t\t\t<\/div>\n\t\t<\/div>\n\t\t\t\t<div class=\"elementor-column elementor-col-50 elementor-top-column elementor-element elementor-element-fcf0183\" data-id=\"fcf0183\" data-element_type=\"column\">\n\t\t\t<div class=\"elementor-widget-wrap elementor-element-populated\">\n\t\t\t\t\t\t\t\t<div class=\"elementor-element elementor-element-e4db12a elementor-widget elementor-widget-image\" data-id=\"e4db12a\" data-element_type=\"widget\" data-widget_type=\"image.default\">\n\t\t\t\t<div class=\"elementor-widget-container\">\n\t\t\t<style>\/*! elementor - v3.12.0 - 29-03-2023 *\/\n.elementor-widget-image{text-align:center}.elementor-widget-image a{display:inline-block}.elementor-widget-image a img[src$=\".svg\"]{width:48px}.elementor-widget-image img{vertical-align:middle;display:inline-block}<\/style>\t\t\t\t\t\t\t\t\t\t\t\t<img loading=\"lazy\" decoding=\"async\" width=\"750\" height=\"716\" src=\"https:\/\/tlcmagazinemexico.com.mx\/wp-content\/uploads\/2023\/05\/Edicio\u0301n-43_revista-sola-1024x977.png\" class=\"attachment-large size-large wp-image-1848\" alt=\"\" srcset=\"https:\/\/tlcmagazinemexico.com.mx\/wp-content\/uploads\/2023\/05\/Edicio\u0301n-43_revista-sola-1024x977.png 1024w, https:\/\/tlcmagazinemexico.com.mx\/wp-content\/uploads\/2023\/05\/Edicio\u0301n-43_revista-sola-300x286.png 300w, https:\/\/tlcmagazinemexico.com.mx\/wp-content\/uploads\/2023\/05\/Edicio\u0301n-43_revista-sola-768x733.png 768w, https:\/\/tlcmagazinemexico.com.mx\/wp-content\/uploads\/2023\/05\/Edicio\u0301n-43_revista-sola-1536x1466.png 1536w, https:\/\/tlcmagazinemexico.com.mx\/wp-content\/uploads\/2023\/05\/Edicio\u0301n-43_revista-sola-2048x1955.png 2048w, https:\/\/tlcmagazinemexico.com.mx\/wp-content\/uploads\/2023\/05\/Edicio\u0301n-43_revista-sola-1568x1497.png 1568w\" sizes=\"auto, (max-width: 750px) 100vw, 750px\" style=\"width:100%;height:95.45%;max-width:4769px\" \/>\t\t\t\t\t\t\t\t\t\t\t\t\t\t\t<\/div>\n\t\t\t\t<\/div>\n\t\t\t\t\t<\/div>\n\t\t<\/div>\n\t\t\t\t\t\t\t<\/div>\n\t\t<\/section>\n\t\t\t\t<section class=\"elementor-section elementor-top-section elementor-element elementor-element-e2d358c elementor-section-boxed elementor-section-height-default elementor-section-height-default\" data-id=\"e2d358c\" data-element_type=\"section\">\n\t\t\t\t\t\t<div class=\"elementor-container elementor-column-gap-default\">\n\t\t\t\t\t<div class=\"elementor-column elementor-col-100 elementor-top-column elementor-element elementor-element-8a5eaa1\" data-id=\"8a5eaa1\" data-element_type=\"column\">\n\t\t\t<div class=\"elementor-widget-wrap elementor-element-populated\">\n\t\t\t\t\t\t\t\t<div class=\"elementor-element elementor-element-7676c63 elementor-posts--align-center elementor-grid-3 elementor-grid-tablet-2 elementor-grid-mobile-1 elementor-posts--thumbnail-top elementor-widget elementor-widget-posts\" data-id=\"7676c63\" data-element_type=\"widget\" data-settings=\"{&quot;classic_masonry&quot;:&quot;yes&quot;,&quot;classic_row_gap&quot;:{&quot;unit&quot;:&quot;px&quot;,&quot;size&quot;:37,&quot;sizes&quot;:[]},&quot;classic_columns&quot;:&quot;3&quot;,&quot;classic_columns_tablet&quot;:&quot;2&quot;,&quot;classic_columns_mobile&quot;:&quot;1&quot;,&quot;classic_row_gap_tablet&quot;:{&quot;unit&quot;:&quot;px&quot;,&quot;size&quot;:&quot;&quot;,&quot;sizes&quot;:[]},&quot;classic_row_gap_mobile&quot;:{&quot;unit&quot;:&quot;px&quot;,&quot;size&quot;:&quot;&quot;,&quot;sizes&quot;:[]}}\" data-widget_type=\"posts.classic\">\n\t\t\t\t<div class=\"elementor-widget-container\">\n\t\t\t<link rel=\"stylesheet\" href=\"https:\/\/tlcmagazinemexico.com.mx\/wp-content\/plugins\/elementor-pro\/assets\/css\/widget-posts.min.css\">\t\t<div class=\"elementor-posts-container elementor-posts elementor-posts--skin-classic elementor-grid\">\n\t\t\t\t<article class=\"elementor-post elementor-grid-item post-1245 post type-post status-publish format-standard has-post-thumbnail hentry category-edicion-43 entry\">\n\t\t\t\t<a class=\"elementor-post__thumbnail__link\" href=\"https:\/\/tlcmagazinemexico.com.mx\/index.php\/2023\/05\/04\/la-valoracion-aduanera-y-el-seguro-global-de-transporte\/\" >\n\t\t\t<div class=\"elementor-post__thumbnail\"><img loading=\"lazy\" decoding=\"async\" width=\"300\" height=\"200\" src=\"https:\/\/tlcmagazinemexico.com.mx\/wp-content\/uploads\/2023\/05\/Portadas-43-Web_Art.-6-300x200.png\" class=\"attachment-medium size-medium wp-image-1804\" alt=\"\" style=\"width:100%;height:66.67%;max-width:939px\" srcset=\"https:\/\/tlcmagazinemexico.com.mx\/wp-content\/uploads\/2023\/05\/Portadas-43-Web_Art.-6-300x200.png 300w, https:\/\/tlcmagazinemexico.com.mx\/wp-content\/uploads\/2023\/05\/Portadas-43-Web_Art.-6-768x512.png 768w, https:\/\/tlcmagazinemexico.com.mx\/wp-content\/uploads\/2023\/05\/Portadas-43-Web_Art.-6.png 939w\" sizes=\"auto, (max-width: 300px) 100vw, 300px\" \/><\/div>\n\t\t<\/a>\n\t\t\t\t<div class=\"elementor-post__text\">\n\t\t\t\t<h3 class=\"elementor-post__title\">\n\t\t\t<a href=\"https:\/\/tlcmagazinemexico.com.mx\/index.php\/2023\/05\/04\/la-valoracion-aduanera-y-el-seguro-global-de-transporte\/\" >\n\t\t\t\tLa valoraci\u00f3n aduanera y el seguro global de transporte\t\t\t<\/a>\n\t\t<\/h3>\n\t\t\t\t<div class=\"elementor-post__excerpt\">\n\t\t\t<p>Primeramente, debemos conocer \u00bfqu\u00e9 es el Valor en Aduana? y \u00bfpara qu\u00e9 es utilizado? El Valor en Aduana se relaciona con otros conceptos muy importantes<\/p>\n\t\t<\/div>\n\t\t\n\t\t<a class=\"elementor-post__read-more\" href=\"https:\/\/tlcmagazinemexico.com.mx\/index.php\/2023\/05\/04\/la-valoracion-aduanera-y-el-seguro-global-de-transporte\/\" aria-label=\"Read more about La valoraci\u00f3n aduanera y el seguro global de transporte\" >\n\t\t\tLeer m\u00e1s \u00bb\t\t<\/a>\n\n\t\t\t\t<\/div>\n\t\t\t\t<\/article>\n\t\t\t\t<article class=\"elementor-post elementor-grid-item post-1225 post type-post status-publish format-standard has-post-thumbnail hentry category-edicion-43 entry\">\n\t\t\t\t<a class=\"elementor-post__thumbnail__link\" href=\"https:\/\/tlcmagazinemexico.com.mx\/index.php\/2023\/05\/04\/carga-internacional-aerea-en-mexico\/\" >\n\t\t\t<div class=\"elementor-post__thumbnail\"><img loading=\"lazy\" decoding=\"async\" width=\"300\" height=\"200\" src=\"https:\/\/tlcmagazinemexico.com.mx\/wp-content\/uploads\/2023\/05\/Portadas-43-Web_Art.-5-300x200.png\" class=\"attachment-medium size-medium wp-image-1805\" alt=\"\" style=\"width:100%;height:66.67%;max-width:939px\" srcset=\"https:\/\/tlcmagazinemexico.com.mx\/wp-content\/uploads\/2023\/05\/Portadas-43-Web_Art.-5-300x200.png 300w, https:\/\/tlcmagazinemexico.com.mx\/wp-content\/uploads\/2023\/05\/Portadas-43-Web_Art.-5-768x512.png 768w, https:\/\/tlcmagazinemexico.com.mx\/wp-content\/uploads\/2023\/05\/Portadas-43-Web_Art.-5.png 939w\" sizes=\"auto, (max-width: 300px) 100vw, 300px\" \/><\/div>\n\t\t<\/a>\n\t\t\t\t<div class=\"elementor-post__text\">\n\t\t\t\t<h3 class=\"elementor-post__title\">\n\t\t\t<a href=\"https:\/\/tlcmagazinemexico.com.mx\/index.php\/2023\/05\/04\/carga-internacional-aerea-en-mexico\/\" >\n\t\t\t\tCarga internacional a\u00e9rea en M\u00e9xico\t\t\t<\/a>\n\t\t<\/h3>\n\t\t\t\t<div class=\"elementor-post__excerpt\">\n\t\t\t<p>Aproximadamente el 1% de toda la carga que se mueve en el mundo se realiza por v\u00eda a\u00e9rea, lo que convierte al transporte a\u00e9reo en<\/p>\n\t\t<\/div>\n\t\t\n\t\t<a class=\"elementor-post__read-more\" href=\"https:\/\/tlcmagazinemexico.com.mx\/index.php\/2023\/05\/04\/carga-internacional-aerea-en-mexico\/\" aria-label=\"Read more about Carga internacional a\u00e9rea en M\u00e9xico\" >\n\t\t\tLeer m\u00e1s \u00bb\t\t<\/a>\n\n\t\t\t\t<\/div>\n\t\t\t\t<\/article>\n\t\t\t\t<article class=\"elementor-post elementor-grid-item post-1217 post type-post status-publish format-standard has-post-thumbnail hentry category-edicion-43 entry\">\n\t\t\t\t<a class=\"elementor-post__thumbnail__link\" href=\"https:\/\/tlcmagazinemexico.com.mx\/index.php\/2023\/05\/04\/glifosato-y-maiz-transgenico-una-posible-discordia-en-el-marco-del-t-mec-y-de-la-omc\/\" >\n\t\t\t<div class=\"elementor-post__thumbnail\"><img loading=\"lazy\" decoding=\"async\" width=\"300\" height=\"200\" src=\"https:\/\/tlcmagazinemexico.com.mx\/wp-content\/uploads\/2023\/05\/Portadas-43-Web_Art.-4-300x200.png\" class=\"attachment-medium size-medium wp-image-1806\" alt=\"\" style=\"width:100%;height:66.67%;max-width:939px\" srcset=\"https:\/\/tlcmagazinemexico.com.mx\/wp-content\/uploads\/2023\/05\/Portadas-43-Web_Art.-4-300x200.png 300w, https:\/\/tlcmagazinemexico.com.mx\/wp-content\/uploads\/2023\/05\/Portadas-43-Web_Art.-4-768x512.png 768w, https:\/\/tlcmagazinemexico.com.mx\/wp-content\/uploads\/2023\/05\/Portadas-43-Web_Art.-4.png 939w\" sizes=\"auto, (max-width: 300px) 100vw, 300px\" \/><\/div>\n\t\t<\/a>\n\t\t\t\t<div class=\"elementor-post__text\">\n\t\t\t\t<h3 class=\"elementor-post__title\">\n\t\t\t<a href=\"https:\/\/tlcmagazinemexico.com.mx\/index.php\/2023\/05\/04\/glifosato-y-maiz-transgenico-una-posible-discordia-en-el-marco-del-t-mec-y-de-la-omc\/\" >\n\t\t\t\tGlifosato y ma\u00edz transg\u00e9nico: Una posible discordia en el marco del T-MEC y de la OMC\t\t\t<\/a>\n\t\t<\/h3>\n\t\t\t\t<div class=\"elementor-post__excerpt\">\n\t\t\t<p>En los \u00faltimos a\u00f1os el glifosato y el ma\u00edz transg\u00e9nico han ocupado la palestra, a partir de lo cual han circulado diversas notas period\u00edsticas y<\/p>\n\t\t<\/div>\n\t\t\n\t\t<a class=\"elementor-post__read-more\" href=\"https:\/\/tlcmagazinemexico.com.mx\/index.php\/2023\/05\/04\/glifosato-y-maiz-transgenico-una-posible-discordia-en-el-marco-del-t-mec-y-de-la-omc\/\" aria-label=\"Read more about Glifosato y ma\u00edz transg\u00e9nico: Una posible discordia en el marco del T-MEC y de la OMC\" >\n\t\t\tLeer m\u00e1s \u00bb\t\t<\/a>\n\n\t\t\t\t<\/div>\n\t\t\t\t<\/article>\n\t\t\t\t<article class=\"elementor-post elementor-grid-item post-1211 post type-post status-publish format-standard has-post-thumbnail hentry category-edicion-43 entry\">\n\t\t\t\t<a class=\"elementor-post__thumbnail__link\" href=\"https:\/\/tlcmagazinemexico.com.mx\/index.php\/2023\/05\/04\/analisis-de-comercio-internacional-y-los-tratados-comerciales-en-mexico\/\" >\n\t\t\t<div class=\"elementor-post__thumbnail\"><img loading=\"lazy\" decoding=\"async\" width=\"300\" height=\"200\" src=\"https:\/\/tlcmagazinemexico.com.mx\/wp-content\/uploads\/2023\/05\/Portadas-43-Web_Art.-3-300x200.png\" class=\"attachment-medium size-medium wp-image-1807\" alt=\"\" style=\"width:100%;height:66.67%;max-width:939px\" srcset=\"https:\/\/tlcmagazinemexico.com.mx\/wp-content\/uploads\/2023\/05\/Portadas-43-Web_Art.-3-300x200.png 300w, https:\/\/tlcmagazinemexico.com.mx\/wp-content\/uploads\/2023\/05\/Portadas-43-Web_Art.-3-768x512.png 768w, https:\/\/tlcmagazinemexico.com.mx\/wp-content\/uploads\/2023\/05\/Portadas-43-Web_Art.-3.png 939w\" sizes=\"auto, (max-width: 300px) 100vw, 300px\" \/><\/div>\n\t\t<\/a>\n\t\t\t\t<div class=\"elementor-post__text\">\n\t\t\t\t<h3 class=\"elementor-post__title\">\n\t\t\t<a href=\"https:\/\/tlcmagazinemexico.com.mx\/index.php\/2023\/05\/04\/analisis-de-comercio-internacional-y-los-tratados-comerciales-en-mexico\/\" >\n\t\t\t\tAn\u00e1lisis de comercio internacional y los tratados comerciales en M\u00e9xico\t\t\t<\/a>\n\t\t<\/h3>\n\t\t\t\t<div class=\"elementor-post__excerpt\">\n\t\t\t<p>M\u00e9xico cuenta con una larga historia en el comercio, si nos remontamos a la \u00e9poca precolombina encontramos que en los antiguos imperios Mayas ya se<\/p>\n\t\t<\/div>\n\t\t\n\t\t<a class=\"elementor-post__read-more\" href=\"https:\/\/tlcmagazinemexico.com.mx\/index.php\/2023\/05\/04\/analisis-de-comercio-internacional-y-los-tratados-comerciales-en-mexico\/\" aria-label=\"Read more about An\u00e1lisis de comercio internacional y los tratados comerciales en M\u00e9xico\" >\n\t\t\tLeer m\u00e1s \u00bb\t\t<\/a>\n\n\t\t\t\t<\/div>\n\t\t\t\t<\/article>\n\t\t\t\t<article class=\"elementor-post elementor-grid-item post-1206 post type-post status-publish format-standard has-post-thumbnail hentry category-edicion-43 entry\">\n\t\t\t\t<a class=\"elementor-post__thumbnail__link\" href=\"https:\/\/tlcmagazinemexico.com.mx\/index.php\/2023\/05\/04\/el-nearshoring-oportunidad-de-desarrollo-economico-para-mexico\/\" >\n\t\t\t<div class=\"elementor-post__thumbnail\"><img loading=\"lazy\" decoding=\"async\" width=\"300\" height=\"200\" src=\"https:\/\/tlcmagazinemexico.com.mx\/wp-content\/uploads\/2023\/05\/Portadas-43-Web_Art.-2-300x200.png\" class=\"attachment-medium size-medium wp-image-1808\" alt=\"\" style=\"width:100%;height:66.67%;max-width:939px\" srcset=\"https:\/\/tlcmagazinemexico.com.mx\/wp-content\/uploads\/2023\/05\/Portadas-43-Web_Art.-2-300x200.png 300w, https:\/\/tlcmagazinemexico.com.mx\/wp-content\/uploads\/2023\/05\/Portadas-43-Web_Art.-2-768x512.png 768w, https:\/\/tlcmagazinemexico.com.mx\/wp-content\/uploads\/2023\/05\/Portadas-43-Web_Art.-2.png 939w\" sizes=\"auto, (max-width: 300px) 100vw, 300px\" \/><\/div>\n\t\t<\/a>\n\t\t\t\t<div class=\"elementor-post__text\">\n\t\t\t\t<h3 class=\"elementor-post__title\">\n\t\t\t<a href=\"https:\/\/tlcmagazinemexico.com.mx\/index.php\/2023\/05\/04\/el-nearshoring-oportunidad-de-desarrollo-economico-para-mexico\/\" >\n\t\t\t\tEl nearshoring, \u00bfOportunidad de desarrollo econ\u00f3mico para M\u00e9xico?\t\t\t<\/a>\n\t\t<\/h3>\n\t\t\t\t<div class=\"elementor-post__excerpt\">\n\t\t\t<p>El nearshoring se trata de un concepto que ha empezado a cobrar mayor relevancia para nuestro pa\u00eds a partir de que en fechas recientes se<\/p>\n\t\t<\/div>\n\t\t\n\t\t<a class=\"elementor-post__read-more\" href=\"https:\/\/tlcmagazinemexico.com.mx\/index.php\/2023\/05\/04\/el-nearshoring-oportunidad-de-desarrollo-economico-para-mexico\/\" aria-label=\"Read more about El nearshoring, \u00bfOportunidad de desarrollo econ\u00f3mico para M\u00e9xico?\" >\n\t\t\tLeer m\u00e1s \u00bb\t\t<\/a>\n\n\t\t\t\t<\/div>\n\t\t\t\t<\/article>\n\t\t\t\t<article class=\"elementor-post elementor-grid-item post-1199 post type-post status-publish format-standard has-post-thumbnail hentry category-edicion-43 entry\">\n\t\t\t\t<a class=\"elementor-post__thumbnail__link\" href=\"https:\/\/tlcmagazinemexico.com.mx\/index.php\/2023\/05\/04\/mayor-integracion-comercial-de-america-del-norte-y-el-desempeno-aduanero\/\" >\n\t\t\t<div class=\"elementor-post__thumbnail\"><img loading=\"lazy\" decoding=\"async\" width=\"300\" height=\"200\" src=\"https:\/\/tlcmagazinemexico.com.mx\/wp-content\/uploads\/2023\/05\/Portadas-43-Web_Art.-1-300x200.png\" class=\"attachment-medium size-medium wp-image-1809\" alt=\"\" style=\"width:100%;height:66.67%;max-width:939px\" srcset=\"https:\/\/tlcmagazinemexico.com.mx\/wp-content\/uploads\/2023\/05\/Portadas-43-Web_Art.-1-300x200.png 300w, https:\/\/tlcmagazinemexico.com.mx\/wp-content\/uploads\/2023\/05\/Portadas-43-Web_Art.-1-768x512.png 768w, https:\/\/tlcmagazinemexico.com.mx\/wp-content\/uploads\/2023\/05\/Portadas-43-Web_Art.-1.png 939w\" sizes=\"auto, (max-width: 300px) 100vw, 300px\" \/><\/div>\n\t\t<\/a>\n\t\t\t\t<div class=\"elementor-post__text\">\n\t\t\t\t<h3 class=\"elementor-post__title\">\n\t\t\t<a href=\"https:\/\/tlcmagazinemexico.com.mx\/index.php\/2023\/05\/04\/mayor-integracion-comercial-de-america-del-norte-y-el-desempeno-aduanero\/\" >\n\t\t\t\tMayor integraci\u00f3n comercial de Am\u00e9rica del Norte y el desempe\u00f1o aduanero\t\t\t<\/a>\n\t\t<\/h3>\n\t\t\t\t<div class=\"elementor-post__excerpt\">\n\t\t\t<p>I. El volumen del comercio internacional \u00a0 En el per\u00edodo conocido como \u201centreguerras\u201d que transcurre entre 1918 y 1948 el comercio internacional se someti\u00f3 a<\/p>\n\t\t<\/div>\n\t\t\n\t\t<a class=\"elementor-post__read-more\" href=\"https:\/\/tlcmagazinemexico.com.mx\/index.php\/2023\/05\/04\/mayor-integracion-comercial-de-america-del-norte-y-el-desempeno-aduanero\/\" aria-label=\"Read more about Mayor integraci\u00f3n comercial de Am\u00e9rica del Norte y el desempe\u00f1o aduanero\" >\n\t\t\tLeer m\u00e1s \u00bb\t\t<\/a>\n\n\t\t\t\t<\/div>\n\t\t\t\t<\/article>\n\t\t\t\t<\/div>\n\t\t\n\t\t\t\t<\/div>\n\t\t\t\t<\/div>\n\t\t\t\t\t<\/div>\n\t\t<\/div>\n\t\t\t\t\t\t\t<\/div>\n\t\t<\/section>\n\t\t\t\t\t\t\t<\/div>\n\t\t","protected":false},"excerpt":{"rendered":"<p>Edici\u00f3n 43 Descarga la edici\u00f3n gratuita por tiempo limitado Descarga PDF Descarga Ebook<\/p>\n","protected":false},"author":2,"featured_media":0,"parent":0,"menu_order":0,"comment_status":"closed","ping_status":"closed","template":"elementor_header_footer","meta":{"_monsterinsights_skip_tracking":false,"_monsterinsights_sitenote_active":false,"_monsterinsights_sitenote_note":"","_monsterinsights_sitenote_category":0,"footnotes":""},"class_list":["post-1845","page","type-page","status-publish","hentry","entry"],"_links":{"self":[{"href":"https:\/\/tlcmagazinemexico.com.mx\/index.php\/wp-json\/wp\/v2\/pages\/1845","targetHints":{"allow":["GET"]}}],"collection":[{"href":"https:\/\/tlcmagazinemexico.com.mx\/index.php\/wp-json\/wp\/v2\/pages"}],"about":[{"href":"https:\/\/tlcmagazinemexico.com.mx\/index.php\/wp-json\/wp\/v2\/types\/page"}],"author":[{"embeddable":true,"href":"https:\/\/tlcmagazinemexico.com.mx\/index.php\/wp-json\/wp\/v2\/users\/2"}],"replies":[{"embeddable":true,"href":"https:\/\/tlcmagazinemexico.com.mx\/index.php\/wp-json\/wp\/v2\/comments?post=1845"}],"version-history":[{"count":7,"href":"https:\/\/tlcmagazinemexico.com.mx\/index.php\/wp-json\/wp\/v2\/pages\/1845\/revisions"}],"predecessor-version":[{"id":1854,"href":"https:\/\/tlcmagazinemexico.com.mx\/index.php\/wp-json\/wp\/v2\/pages\/1845\/revisions\/1854"}],"wp:attachment":[{"href":"https:\/\/tlcmagazinemexico.com.mx\/index.php\/wp-json\/wp\/v2\/media?parent=1845"}],"curies":[{"name":"wp","href":"https:\/\/api.w.org\/{rel}","templated":true}]}}