{"id":18057,"date":"2025-09-04T21:21:40","date_gmt":"2025-09-04T21:21:40","guid":{"rendered":"https:\/\/tlcmagazinemexico.com.mx\/?page_id=18057"},"modified":"2025-10-06T22:09:46","modified_gmt":"2025-10-06T22:09:46","slug":"edicion-57","status":"publish","type":"page","link":"https:\/\/tlcmagazinemexico.com.mx\/index.php\/edicion-57\/","title":{"rendered":"Edicion 57"},"content":{"rendered":"\t\t<div data-elementor-type=\"wp-page\" data-elementor-id=\"18057\" class=\"elementor elementor-18057\">\n\t\t\t\t\t\t\t\t\t<section class=\"elementor-section elementor-top-section elementor-element elementor-element-8e2f852 elementor-section-boxed elementor-section-height-default elementor-section-height-default\" data-id=\"8e2f852\" data-element_type=\"section\" data-settings=\"{&quot;background_background&quot;:&quot;classic&quot;}\">\n\t\t\t\t\t\t<div class=\"elementor-container elementor-column-gap-default\">\n\t\t\t\t\t<div class=\"elementor-column elementor-col-50 elementor-top-column elementor-element elementor-element-f629ef4\" data-id=\"f629ef4\" data-element_type=\"column\">\n\t\t\t<div class=\"elementor-widget-wrap elementor-element-populated\">\n\t\t\t\t\t\t\t\t<div class=\"elementor-element elementor-element-321ade9 elementor-widget elementor-widget-spacer\" data-id=\"321ade9\" data-element_type=\"widget\" data-widget_type=\"spacer.default\">\n\t\t\t\t<div class=\"elementor-widget-container\">\n\t\t\t<style>\/*! elementor - v3.12.0 - 29-03-2023 *\/\n.elementor-column .elementor-spacer-inner{height:var(--spacer-size)}.e-con{--container-widget-width:100%}.e-con-inner>.elementor-widget-spacer,.e-con>.elementor-widget-spacer{width:var(--container-widget-width,var(--spacer-size));--align-self:var(--container-widget-align-self,initial);--flex-shrink:0}.e-con-inner>.elementor-widget-spacer>.elementor-widget-container,.e-con-inner>.elementor-widget-spacer>.elementor-widget-container>.elementor-spacer,.e-con>.elementor-widget-spacer>.elementor-widget-container,.e-con>.elementor-widget-spacer>.elementor-widget-container>.elementor-spacer{height:100%}.e-con-inner>.elementor-widget-spacer>.elementor-widget-container>.elementor-spacer>.elementor-spacer-inner,.e-con>.elementor-widget-spacer>.elementor-widget-container>.elementor-spacer>.elementor-spacer-inner{height:var(--container-widget-height,var(--spacer-size))}<\/style>\t\t<div class=\"elementor-spacer\">\n\t\t\t<div class=\"elementor-spacer-inner\"><\/div>\n\t\t<\/div>\n\t\t\t\t<\/div>\n\t\t\t\t<\/div>\n\t\t\t\t<div class=\"elementor-element elementor-element-d5757e2 elementor-widget elementor-widget-heading\" data-id=\"d5757e2\" data-element_type=\"widget\" data-widget_type=\"heading.default\">\n\t\t\t\t<div class=\"elementor-widget-container\">\n\t\t\t<style>\/*! elementor - v3.12.0 - 29-03-2023 *\/\n.elementor-heading-title{padding:0;margin:0;line-height:1}.elementor-widget-heading .elementor-heading-title[class*=elementor-size-]>a{color:inherit;font-size:inherit;line-height:inherit}.elementor-widget-heading .elementor-heading-title.elementor-size-small{font-size:15px}.elementor-widget-heading .elementor-heading-title.elementor-size-medium{font-size:19px}.elementor-widget-heading .elementor-heading-title.elementor-size-large{font-size:29px}.elementor-widget-heading .elementor-heading-title.elementor-size-xl{font-size:39px}.elementor-widget-heading .elementor-heading-title.elementor-size-xxl{font-size:59px}<\/style><h2 class=\"elementor-heading-title elementor-size-default\">Edici\u00f3n 57<\/h2>\t\t<\/div>\n\t\t\t\t<\/div>\n\t\t\t\t<div class=\"elementor-element elementor-element-8cdf54d elementor-widget elementor-widget-text-editor\" data-id=\"8cdf54d\" data-element_type=\"widget\" data-widget_type=\"text-editor.default\">\n\t\t\t\t<div class=\"elementor-widget-container\">\n\t\t\t<style>\/*! elementor - v3.12.0 - 29-03-2023 *\/\n.elementor-widget-text-editor.elementor-drop-cap-view-stacked .elementor-drop-cap{background-color:#69727d;color:#fff}.elementor-widget-text-editor.elementor-drop-cap-view-framed .elementor-drop-cap{color:#69727d;border:3px solid;background-color:transparent}.elementor-widget-text-editor:not(.elementor-drop-cap-view-default) .elementor-drop-cap{margin-top:8px}.elementor-widget-text-editor:not(.elementor-drop-cap-view-default) .elementor-drop-cap-letter{width:1em;height:1em}.elementor-widget-text-editor .elementor-drop-cap{float:left;text-align:center;line-height:1;font-size:50px}.elementor-widget-text-editor .elementor-drop-cap-letter{display:inline-block}<\/style>\t\t\t\t<p>Descarga la edici\u00f3n gratuita por tiempo limitado<\/p>\t\t\t\t\t\t<\/div>\n\t\t\t\t<\/div>\n\t\t\t\t<div class=\"elementor-element elementor-element-9b3c9d3 elementor-align-center elementor-widget elementor-widget-button\" data-id=\"9b3c9d3\" data-element_type=\"widget\" data-widget_type=\"button.default\">\n\t\t\t\t<div class=\"elementor-widget-container\">\n\t\t\t\t\t<div class=\"elementor-button-wrapper\">\n\t\t\t<a href=\"https:\/\/docs.google.com\/forms\/d\/e\/1FAIpQLScH7LGQWRMOuGCIZHPfKkWNQ0A67p2_CILYW7KqJTNnKlsrOA\/viewform?usp=dialog\" class=\"elementor-button-link elementor-button elementor-size-sm\" role=\"button\">\n\t\t\t\t\t\t<span class=\"elementor-button-content-wrapper\">\n\t\t\t\t\t\t<span class=\"elementor-button-text\">Descarga PDF<\/span>\n\t\t<\/span>\n\t\t\t\t\t<\/a>\n\t\t<\/div>\n\t\t\t\t<\/div>\n\t\t\t\t<\/div>\n\t\t\t\t\t<\/div>\n\t\t<\/div>\n\t\t\t\t<div class=\"elementor-column elementor-col-50 elementor-top-column elementor-element elementor-element-6cd5c66\" data-id=\"6cd5c66\" data-element_type=\"column\">\n\t\t\t<div class=\"elementor-widget-wrap elementor-element-populated\">\n\t\t\t\t\t\t\t\t<div class=\"elementor-element elementor-element-693ef51 elementor-widget elementor-widget-image\" data-id=\"693ef51\" data-element_type=\"widget\" data-widget_type=\"image.default\">\n\t\t\t\t<div class=\"elementor-widget-container\">\n\t\t\t<style>\/*! elementor - v3.12.0 - 29-03-2023 *\/\n.elementor-widget-image{text-align:center}.elementor-widget-image a{display:inline-block}.elementor-widget-image a img[src$=\".svg\"]{width:48px}.elementor-widget-image img{vertical-align:middle;display:inline-block}<\/style>\t\t\t\t\t\t\t\t\t\t\t\t<img loading=\"lazy\" decoding=\"async\" width=\"750\" height=\"716\" src=\"https:\/\/tlcmagazinemexico.com.mx\/wp-content\/uploads\/2025\/09\/Edicio\u0301n-57_revista-sola-1024x978.png\" class=\"attachment-large size-large wp-image-18064\" alt=\"\" srcset=\"https:\/\/tlcmagazinemexico.com.mx\/wp-content\/uploads\/2025\/09\/Edicio\u0301n-57_revista-sola-1024x978.png 1024w, https:\/\/tlcmagazinemexico.com.mx\/wp-content\/uploads\/2025\/09\/Edicio\u0301n-57_revista-sola-300x286.png 300w, https:\/\/tlcmagazinemexico.com.mx\/wp-content\/uploads\/2025\/09\/Edicio\u0301n-57_revista-sola-768x733.png 768w, https:\/\/tlcmagazinemexico.com.mx\/wp-content\/uploads\/2025\/09\/Edicio\u0301n-57_revista-sola-1536x1466.png 1536w, https:\/\/tlcmagazinemexico.com.mx\/wp-content\/uploads\/2025\/09\/Edicio\u0301n-57_revista-sola-2048x1955.png 2048w, https:\/\/tlcmagazinemexico.com.mx\/wp-content\/uploads\/2025\/09\/Edicio\u0301n-57_revista-sola-1568x1497.png 1568w\" sizes=\"auto, (max-width: 750px) 100vw, 750px\" style=\"width:100%;height:95.47%;max-width:2560px\" \/>\t\t\t\t\t\t\t\t\t\t\t\t\t\t\t<\/div>\n\t\t\t\t<\/div>\n\t\t\t\t\t<\/div>\n\t\t<\/div>\n\t\t\t\t\t\t\t<\/div>\n\t\t<\/section>\n\t\t\t\t<section class=\"elementor-section elementor-top-section elementor-element elementor-element-fc79249 elementor-section-boxed elementor-section-height-default elementor-section-height-default\" data-id=\"fc79249\" data-element_type=\"section\">\n\t\t\t\t\t\t<div class=\"elementor-container elementor-column-gap-default\">\n\t\t\t\t\t<div class=\"elementor-column elementor-col-100 elementor-top-column elementor-element elementor-element-7bcd275\" data-id=\"7bcd275\" data-element_type=\"column\">\n\t\t\t<div class=\"elementor-widget-wrap elementor-element-populated\">\n\t\t\t\t\t\t\t\t<div class=\"elementor-element elementor-element-ac332c5 elementor-posts--align-center elementor-grid-3 elementor-grid-tablet-2 elementor-grid-mobile-1 elementor-posts--thumbnail-top elementor-widget elementor-widget-posts\" data-id=\"ac332c5\" data-element_type=\"widget\" data-settings=\"{&quot;classic_masonry&quot;:&quot;yes&quot;,&quot;classic_row_gap&quot;:{&quot;unit&quot;:&quot;px&quot;,&quot;size&quot;:37,&quot;sizes&quot;:[]},&quot;classic_columns&quot;:&quot;3&quot;,&quot;classic_columns_tablet&quot;:&quot;2&quot;,&quot;classic_columns_mobile&quot;:&quot;1&quot;,&quot;classic_row_gap_tablet&quot;:{&quot;unit&quot;:&quot;px&quot;,&quot;size&quot;:&quot;&quot;,&quot;sizes&quot;:[]},&quot;classic_row_gap_mobile&quot;:{&quot;unit&quot;:&quot;px&quot;,&quot;size&quot;:&quot;&quot;,&quot;sizes&quot;:[]}}\" data-widget_type=\"posts.classic\">\n\t\t\t\t<div class=\"elementor-widget-container\">\n\t\t\t<link rel=\"stylesheet\" href=\"https:\/\/tlcmagazinemexico.com.mx\/wp-content\/plugins\/elementor-pro\/assets\/css\/widget-posts.min.css\">\t\t<div class=\"elementor-posts-container elementor-posts elementor-posts--skin-classic elementor-grid\">\n\t\t\t\t<article class=\"elementor-post elementor-grid-item post-17537 post type-post status-publish format-standard has-post-thumbnail hentry category-edicion-57 entry\">\n\t\t\t\t<a class=\"elementor-post__thumbnail__link\" href=\"https:\/\/tlcmagazinemexico.com.mx\/index.php\/2025\/08\/14\/t-mec-estabilidad-sin-transformacion-y-una-competitividad-que-no-puede-dormirse\/\" >\n\t\t\t<div class=\"elementor-post__thumbnail\"><img loading=\"lazy\" decoding=\"async\" width=\"300\" height=\"200\" src=\"https:\/\/tlcmagazinemexico.com.mx\/wp-content\/uploads\/2025\/08\/Portadas-web_Art.-7-300x200.png\" class=\"attachment-medium size-medium wp-image-18005\" alt=\"\" style=\"width:100%;height:66.63%;max-width:938px\" srcset=\"https:\/\/tlcmagazinemexico.com.mx\/wp-content\/uploads\/2025\/08\/Portadas-web_Art.-7-300x200.png 300w, https:\/\/tlcmagazinemexico.com.mx\/wp-content\/uploads\/2025\/08\/Portadas-web_Art.-7-768x512.png 768w, https:\/\/tlcmagazinemexico.com.mx\/wp-content\/uploads\/2025\/08\/Portadas-web_Art.-7.png 938w\" sizes=\"auto, (max-width: 300px) 100vw, 300px\" \/><\/div>\n\t\t<\/a>\n\t\t\t\t<div class=\"elementor-post__text\">\n\t\t\t\t<h3 class=\"elementor-post__title\">\n\t\t\t<a href=\"https:\/\/tlcmagazinemexico.com.mx\/index.php\/2025\/08\/14\/t-mec-estabilidad-sin-transformacion-y-una-competitividad-que-no-puede-dormirse\/\" >\n\t\t\t\tT-MEC: Estabilidad sin transformaci\u00f3n y una competitividad que no puede dormirse\t\t\t<\/a>\n\t\t<\/h3>\n\t\t\n\t\t<a class=\"elementor-post__read-more\" href=\"https:\/\/tlcmagazinemexico.com.mx\/index.php\/2025\/08\/14\/t-mec-estabilidad-sin-transformacion-y-una-competitividad-que-no-puede-dormirse\/\" aria-label=\"Read more about T-MEC: Estabilidad sin transformaci\u00f3n y una competitividad que no puede dormirse\" >\n\t\t\tLeer m\u00e1s \u00bb\t\t<\/a>\n\n\t\t\t\t<\/div>\n\t\t\t\t<\/article>\n\t\t\t\t<article class=\"elementor-post elementor-grid-item post-17532 post type-post status-publish format-standard has-post-thumbnail hentry category-edicion-57 entry\">\n\t\t\t\t<a class=\"elementor-post__thumbnail__link\" href=\"https:\/\/tlcmagazinemexico.com.mx\/index.php\/2025\/08\/14\/implementacion-de-los-polos-de-desarrollo-economico-para-el-bienestar-en-mexico\/\" >\n\t\t\t<div class=\"elementor-post__thumbnail\"><img loading=\"lazy\" decoding=\"async\" width=\"300\" height=\"200\" src=\"https:\/\/tlcmagazinemexico.com.mx\/wp-content\/uploads\/2025\/08\/Portadas-web_Art.-6-300x200.png\" class=\"attachment-medium size-medium wp-image-18011\" alt=\"\" style=\"width:100%;height:66.63%;max-width:938px\" srcset=\"https:\/\/tlcmagazinemexico.com.mx\/wp-content\/uploads\/2025\/08\/Portadas-web_Art.-6-300x200.png 300w, https:\/\/tlcmagazinemexico.com.mx\/wp-content\/uploads\/2025\/08\/Portadas-web_Art.-6-768x512.png 768w, https:\/\/tlcmagazinemexico.com.mx\/wp-content\/uploads\/2025\/08\/Portadas-web_Art.-6.png 938w\" sizes=\"auto, (max-width: 300px) 100vw, 300px\" \/><\/div>\n\t\t<\/a>\n\t\t\t\t<div class=\"elementor-post__text\">\n\t\t\t\t<h3 class=\"elementor-post__title\">\n\t\t\t<a href=\"https:\/\/tlcmagazinemexico.com.mx\/index.php\/2025\/08\/14\/implementacion-de-los-polos-de-desarrollo-economico-para-el-bienestar-en-mexico\/\" >\n\t\t\t\tImplementaci\u00f3n de los Polos de Desarrollo Econ\u00f3mico para el Bienestar en M\u00e9xico\t\t\t<\/a>\n\t\t<\/h3>\n\t\t\n\t\t<a class=\"elementor-post__read-more\" href=\"https:\/\/tlcmagazinemexico.com.mx\/index.php\/2025\/08\/14\/implementacion-de-los-polos-de-desarrollo-economico-para-el-bienestar-en-mexico\/\" aria-label=\"Read more about Implementaci\u00f3n de los Polos de Desarrollo Econ\u00f3mico para el Bienestar en M\u00e9xico\" >\n\t\t\tLeer m\u00e1s \u00bb\t\t<\/a>\n\n\t\t\t\t<\/div>\n\t\t\t\t<\/article>\n\t\t\t\t<article class=\"elementor-post elementor-grid-item post-17519 post type-post status-publish format-standard has-post-thumbnail hentry category-edicion-57 entry\">\n\t\t\t\t<a class=\"elementor-post__thumbnail__link\" href=\"https:\/\/tlcmagazinemexico.com.mx\/index.php\/2025\/08\/14\/procedimiento-administrativo-en-materia-de-trabajo-forzado-u-obligatorio\/\" >\n\t\t\t<div class=\"elementor-post__thumbnail\"><img loading=\"lazy\" decoding=\"async\" width=\"300\" height=\"200\" src=\"https:\/\/tlcmagazinemexico.com.mx\/wp-content\/uploads\/2025\/08\/Portadas-web_Art.-5-300x200.png\" class=\"attachment-medium size-medium wp-image-18009\" alt=\"\" style=\"width:100%;height:66.63%;max-width:938px\" srcset=\"https:\/\/tlcmagazinemexico.com.mx\/wp-content\/uploads\/2025\/08\/Portadas-web_Art.-5-300x200.png 300w, https:\/\/tlcmagazinemexico.com.mx\/wp-content\/uploads\/2025\/08\/Portadas-web_Art.-5-768x512.png 768w, https:\/\/tlcmagazinemexico.com.mx\/wp-content\/uploads\/2025\/08\/Portadas-web_Art.-5.png 938w\" sizes=\"auto, (max-width: 300px) 100vw, 300px\" \/><\/div>\n\t\t<\/a>\n\t\t\t\t<div class=\"elementor-post__text\">\n\t\t\t\t<h3 class=\"elementor-post__title\">\n\t\t\t<a href=\"https:\/\/tlcmagazinemexico.com.mx\/index.php\/2025\/08\/14\/procedimiento-administrativo-en-materia-de-trabajo-forzado-u-obligatorio\/\" >\n\t\t\t\tProcedimiento Administrativo en Materia de Trabajo Forzado u Obligatorio\t\t\t<\/a>\n\t\t<\/h3>\n\t\t\n\t\t<a class=\"elementor-post__read-more\" href=\"https:\/\/tlcmagazinemexico.com.mx\/index.php\/2025\/08\/14\/procedimiento-administrativo-en-materia-de-trabajo-forzado-u-obligatorio\/\" aria-label=\"Read more about Procedimiento Administrativo en Materia de Trabajo Forzado u Obligatorio\" >\n\t\t\tLeer m\u00e1s \u00bb\t\t<\/a>\n\n\t\t\t\t<\/div>\n\t\t\t\t<\/article>\n\t\t\t\t<article class=\"elementor-post elementor-grid-item post-17514 post type-post status-publish format-standard has-post-thumbnail hentry category-edicion-57 entry\">\n\t\t\t\t<a class=\"elementor-post__thumbnail__link\" href=\"https:\/\/tlcmagazinemexico.com.mx\/index.php\/2025\/08\/14\/perspectivas-economicas-del-tercer-trimestre\/\" >\n\t\t\t<div class=\"elementor-post__thumbnail\"><img loading=\"lazy\" decoding=\"async\" width=\"300\" height=\"200\" src=\"https:\/\/tlcmagazinemexico.com.mx\/wp-content\/uploads\/2025\/08\/Portadas-web_Art.-4-300x200.png\" class=\"attachment-medium size-medium wp-image-18007\" alt=\"\" style=\"width:100%;height:66.63%;max-width:938px\" srcset=\"https:\/\/tlcmagazinemexico.com.mx\/wp-content\/uploads\/2025\/08\/Portadas-web_Art.-4-300x200.png 300w, https:\/\/tlcmagazinemexico.com.mx\/wp-content\/uploads\/2025\/08\/Portadas-web_Art.-4-768x512.png 768w, https:\/\/tlcmagazinemexico.com.mx\/wp-content\/uploads\/2025\/08\/Portadas-web_Art.-4.png 938w\" sizes=\"auto, (max-width: 300px) 100vw, 300px\" \/><\/div>\n\t\t<\/a>\n\t\t\t\t<div class=\"elementor-post__text\">\n\t\t\t\t<h3 class=\"elementor-post__title\">\n\t\t\t<a href=\"https:\/\/tlcmagazinemexico.com.mx\/index.php\/2025\/08\/14\/perspectivas-economicas-del-tercer-trimestre\/\" >\n\t\t\t\tPerspectivas econ\u00f3micas del tercer trimestre\t\t\t<\/a>\n\t\t<\/h3>\n\t\t\n\t\t<a class=\"elementor-post__read-more\" href=\"https:\/\/tlcmagazinemexico.com.mx\/index.php\/2025\/08\/14\/perspectivas-economicas-del-tercer-trimestre\/\" aria-label=\"Read more about Perspectivas econ\u00f3micas del tercer trimestre\" >\n\t\t\tLeer m\u00e1s \u00bb\t\t<\/a>\n\n\t\t\t\t<\/div>\n\t\t\t\t<\/article>\n\t\t\t\t<article class=\"elementor-post elementor-grid-item post-17509 post type-post status-publish format-standard has-post-thumbnail hentry category-edicion-57 entry\">\n\t\t\t\t<a class=\"elementor-post__thumbnail__link\" href=\"https:\/\/tlcmagazinemexico.com.mx\/index.php\/2025\/08\/14\/nuevo-desorden-economico-internacionalparte-ii\/\" >\n\t\t\t<div class=\"elementor-post__thumbnail\"><img loading=\"lazy\" decoding=\"async\" width=\"300\" height=\"200\" src=\"https:\/\/tlcmagazinemexico.com.mx\/wp-content\/uploads\/2025\/08\/Portadas-web_Art.-3-300x200.png\" class=\"attachment-medium size-medium wp-image-18003\" alt=\"\" style=\"width:100%;height:66.63%;max-width:938px\" srcset=\"https:\/\/tlcmagazinemexico.com.mx\/wp-content\/uploads\/2025\/08\/Portadas-web_Art.-3-300x200.png 300w, https:\/\/tlcmagazinemexico.com.mx\/wp-content\/uploads\/2025\/08\/Portadas-web_Art.-3-768x512.png 768w, https:\/\/tlcmagazinemexico.com.mx\/wp-content\/uploads\/2025\/08\/Portadas-web_Art.-3.png 938w\" sizes=\"auto, (max-width: 300px) 100vw, 300px\" \/><\/div>\n\t\t<\/a>\n\t\t\t\t<div class=\"elementor-post__text\">\n\t\t\t\t<h3 class=\"elementor-post__title\">\n\t\t\t<a href=\"https:\/\/tlcmagazinemexico.com.mx\/index.php\/2025\/08\/14\/nuevo-desorden-economico-internacionalparte-ii\/\" >\n\t\t\t\tNuevo Desorden Econ\u00f3mico Internacional &#8211; PARTE II\t\t\t<\/a>\n\t\t<\/h3>\n\t\t\n\t\t<a class=\"elementor-post__read-more\" href=\"https:\/\/tlcmagazinemexico.com.mx\/index.php\/2025\/08\/14\/nuevo-desorden-economico-internacionalparte-ii\/\" aria-label=\"Read more about Nuevo Desorden Econ\u00f3mico Internacional &#8211; PARTE II\" >\n\t\t\tLeer m\u00e1s \u00bb\t\t<\/a>\n\n\t\t\t\t<\/div>\n\t\t\t\t<\/article>\n\t\t\t\t<article class=\"elementor-post elementor-grid-item post-17503 post type-post status-publish format-standard has-post-thumbnail hentry category-edicion-57 entry\">\n\t\t\t\t<a class=\"elementor-post__thumbnail__link\" href=\"https:\/\/tlcmagazinemexico.com.mx\/index.php\/2025\/08\/14\/ecommerce-que-pasa-por-aduanas-entre-eu-y-mexico\/\" >\n\t\t\t<div class=\"elementor-post__thumbnail\"><img loading=\"lazy\" decoding=\"async\" width=\"300\" height=\"200\" src=\"https:\/\/tlcmagazinemexico.com.mx\/wp-content\/uploads\/2025\/08\/Portadas-web_Art.-2-300x200.png\" class=\"attachment-medium size-medium wp-image-18001\" alt=\"\" style=\"width:100%;height:66.63%;max-width:938px\" srcset=\"https:\/\/tlcmagazinemexico.com.mx\/wp-content\/uploads\/2025\/08\/Portadas-web_Art.-2-300x200.png 300w, https:\/\/tlcmagazinemexico.com.mx\/wp-content\/uploads\/2025\/08\/Portadas-web_Art.-2-768x512.png 768w, https:\/\/tlcmagazinemexico.com.mx\/wp-content\/uploads\/2025\/08\/Portadas-web_Art.-2.png 938w\" sizes=\"auto, (max-width: 300px) 100vw, 300px\" \/><\/div>\n\t\t<\/a>\n\t\t\t\t<div class=\"elementor-post__text\">\n\t\t\t\t<h3 class=\"elementor-post__title\">\n\t\t\t<a href=\"https:\/\/tlcmagazinemexico.com.mx\/index.php\/2025\/08\/14\/ecommerce-que-pasa-por-aduanas-entre-eu-y-mexico\/\" >\n\t\t\t\tEcommerce que pasa por aduanas entre EU y M\u00e9xico\t\t\t<\/a>\n\t\t<\/h3>\n\t\t\n\t\t<a class=\"elementor-post__read-more\" href=\"https:\/\/tlcmagazinemexico.com.mx\/index.php\/2025\/08\/14\/ecommerce-que-pasa-por-aduanas-entre-eu-y-mexico\/\" aria-label=\"Read more about Ecommerce que pasa por aduanas entre EU y M\u00e9xico\" >\n\t\t\tLeer m\u00e1s \u00bb\t\t<\/a>\n\n\t\t\t\t<\/div>\n\t\t\t\t<\/article>\n\t\t\t\t<article class=\"elementor-post elementor-grid-item post-17495 post type-post status-publish format-standard has-post-thumbnail hentry category-edicion-57 entry\">\n\t\t\t\t<a class=\"elementor-post__thumbnail__link\" href=\"https:\/\/tlcmagazinemexico.com.mx\/index.php\/2025\/08\/14\/respeto-intercultural-la-ventaja-competitiva-silenciosa-en-el-comercio-global\/\" >\n\t\t\t<div class=\"elementor-post__thumbnail\"><img loading=\"lazy\" decoding=\"async\" width=\"300\" height=\"200\" src=\"https:\/\/tlcmagazinemexico.com.mx\/wp-content\/uploads\/2025\/08\/Portadas-web_Art.-1-300x200.png\" class=\"attachment-medium size-medium wp-image-17999\" alt=\"\" style=\"width:100%;height:66.63%;max-width:938px\" srcset=\"https:\/\/tlcmagazinemexico.com.mx\/wp-content\/uploads\/2025\/08\/Portadas-web_Art.-1-300x200.png 300w, https:\/\/tlcmagazinemexico.com.mx\/wp-content\/uploads\/2025\/08\/Portadas-web_Art.-1-768x512.png 768w, https:\/\/tlcmagazinemexico.com.mx\/wp-content\/uploads\/2025\/08\/Portadas-web_Art.-1.png 938w\" sizes=\"auto, (max-width: 300px) 100vw, 300px\" \/><\/div>\n\t\t<\/a>\n\t\t\t\t<div class=\"elementor-post__text\">\n\t\t\t\t<h3 class=\"elementor-post__title\">\n\t\t\t<a href=\"https:\/\/tlcmagazinemexico.com.mx\/index.php\/2025\/08\/14\/respeto-intercultural-la-ventaja-competitiva-silenciosa-en-el-comercio-global\/\" >\n\t\t\t\tRespeto intercultural: la ventaja competitiva silenciosa en el comercio global\t\t\t<\/a>\n\t\t<\/h3>\n\t\t\n\t\t<a class=\"elementor-post__read-more\" href=\"https:\/\/tlcmagazinemexico.com.mx\/index.php\/2025\/08\/14\/respeto-intercultural-la-ventaja-competitiva-silenciosa-en-el-comercio-global\/\" aria-label=\"Read more about Respeto intercultural: la ventaja competitiva silenciosa en el comercio global\" >\n\t\t\tLeer m\u00e1s \u00bb\t\t<\/a>\n\n\t\t\t\t<\/div>\n\t\t\t\t<\/article>\n\t\t\t\t<\/div>\n\t\t\n\t\t\t\t<\/div>\n\t\t\t\t<\/div>\n\t\t\t\t\t<\/div>\n\t\t<\/div>\n\t\t\t\t\t\t\t<\/div>\n\t\t<\/section>\n\t\t\t\t\t\t\t<\/div>\n\t\t","protected":false},"excerpt":{"rendered":"<p>Edici\u00f3n 57 Descarga la edici\u00f3n gratuita por tiempo limitado Descarga<\/p>\n","protected":false},"author":2,"featured_media":0,"parent":0,"menu_order":0,"comment_status":"closed","ping_status":"closed","template":"elementor_header_footer","meta":{"_monsterinsights_skip_tracking":false,"_monsterinsights_sitenote_active":false,"_monsterinsights_sitenote_note":"","_monsterinsights_sitenote_category":0,"footnotes":""},"class_list":["post-18057","page","type-page","status-publish","hentry","entry"],"_links":{"self":[{"href":"https:\/\/tlcmagazinemexico.com.mx\/index.php\/wp-json\/wp\/v2\/pages\/18057","targetHints":{"allow":["GET"]}}],"collection":[{"href":"https:\/\/tlcmagazinemexico.com.mx\/index.php\/wp-json\/wp\/v2\/pages"}],"about":[{"href":"https:\/\/tlcmagazinemexico.com.mx\/index.php\/wp-json\/wp\/v2\/types\/page"}],"author":[{"embeddable":true,"href":"https:\/\/tlcmagazinemexico.com.mx\/index.php\/wp-json\/wp\/v2\/users\/2"}],"replies":[{"embeddable":true,"href":"https:\/\/tlcmagazinemexico.com.mx\/index.php\/wp-json\/wp\/v2\/comments?post=18057"}],"version-history":[{"count":10,"href":"https:\/\/tlcmagazinemexico.com.mx\/index.php\/wp-json\/wp\/v2\/pages\/18057\/revisions"}],"predecessor-version":[{"id":18722,"href":"https:\/\/tlcmagazinemexico.com.mx\/index.php\/wp-json\/wp\/v2\/pages\/18057\/revisions\/18722"}],"wp:attachment":[{"href":"https:\/\/tlcmagazinemexico.com.mx\/index.php\/wp-json\/wp\/v2\/media?parent=18057"}],"curies":[{"name":"wp","href":"https:\/\/api.w.org\/{rel}","templated":true}]}}